{"id":9001,"date":"2017-04-15T13:55:31","date_gmt":"2017-04-15T11:55:31","guid":{"rendered":"http:\/\/ticino-adventures.local\/product\/canyoning-heli-canyoning\/"},"modified":"2024-07-01T13:44:20","modified_gmt":"2024-07-01T11:44:20","slug":"canyoning-heli-canyoning","status":"publish","type":"product","link":"https:\/\/ticinoadventures.com\/fr\/produit\/canyoning-heli-canyoning\/","title":{"rendered":"Canyoning &#8211; Heli-Canyoning"},"content":{"rendered":"<div class=\"flex flex-grow flex-col max-w-full\">\n<div class=\"min-h-[20px] text-message flex flex-col items-start whitespace-pre-wrap break-words [.text-message+&amp;]:mt-5 juice:w-full juice:items-end overflow-x-auto gap-2\" dir=\"auto\" data-message-author-role=\"assistant\" data-message-id=\"7919e90c-7d95-4631-b577-4d0610afbe7f\">\n<div class=\"flex w-full flex-col gap-1 juice:empty:hidden juice:first:pt-[3px]\">\n<div class=\"markdown prose w-full break-words dark:prose-invert light\">\n<p>Notre excursion de Heli-Canyoning est probablement la meilleure excursion de canyoning au monde. Elle commence par un court mais spectaculaire vol en h\u00e9licopt\u00e8re depuis la base a\u00e9rienne de Lodrino jusqu&rsquo;\u00e0 notre zone d&rsquo;atterrissage \u00e0 environ 1100 m\u00e8tres d&rsquo;altitude. Pendant le vol, nous survolons r\u00e9ellement sous le niveau des parois du canyon, vous offrant un aper\u00e7u palpitant de l&rsquo;aventure \u00e0 venir. Une fois que nous commen\u00e7ons la descente, vous d\u00e9couvrirez une grande vari\u00e9t\u00e9 de rappels (jusqu&rsquo;\u00e0 45 m\u00e8tres), des glissades \u00e0 travers des chutes naturelles et des sauts (jusqu&rsquo;\u00e0 16 m\u00e8tres) dans des fissures \u00e9troites avec des piscines d&rsquo;eau cristalline. Ce canyon est long et vari\u00e9, reconnu comme l&rsquo;un des meilleurs dans une r\u00e9gion de canyoning r\u00e9put\u00e9e mondialement. Le temps r\u00e9el pass\u00e9 dans le canyon est d&rsquo;environ 6 \u00e0 7 heures.<\/p>\n<p><strong>IMPORTANT ! VEUILLEZ NOTER<\/strong> : L&rsquo;heure de d\u00e9part effective de l&rsquo;excursion peut varier en fonction du planning de la compagnie d&rsquo;h\u00e9licopt\u00e8res. Nous vous informerons de l&rsquo;heure exacte de rendez-vous la veille de l&rsquo;excursion. De plus, les excursions le dimanche entra\u00eenent un suppl\u00e9ment de 100 CHF (forfaitaire, non par personne), qui est directement vers\u00e9 \u00e0 la compagnie d&rsquo;h\u00e9licopt\u00e8res pour les vols du dimanche.<\/p>\n<p>Vivez l&rsquo;aventure ultime de canyoning avec nous et embarquez pour un voyage inoubliable \u00e0 travers l&rsquo;un des canyons les plus captivants du monde. Nous sommes impatients de vous accueillir tr\u00e8s bient\u00f4t pour cette excursion extraordinaire !<\/p>\n<\/div>\n<\/div>\n<\/div>\n<\/div>\n","protected":false},"excerpt":{"rendered":"<p>Notre excursion de Heli-Canyoning est probablement la meilleure excursion de canyoning au monde. Elle commence par un court mais spectaculaire vol en h\u00e9licopt\u00e8re depuis la base a\u00e9rienne de Lodrino jusqu&rsquo;\u00e0 notre zone d&rsquo;atterrissage \u00e0 environ 1100 m\u00e8tres d&rsquo;altitude. Pendant le vol, nous survolons r\u00e9ellement sous le niveau des parois du canyon, vous offrant un aper\u00e7u<a href=\"https:\/\/ticinoadventures.com\/fr\/produit\/canyoning-heli-canyoning\/\">Lire la suite de <span class=\"sr-only\">\u00ab\u00a0Canyoning &#8211; Heli-Canyoning\u00a0\u00bb<\/span><\/a><\/p>\n","protected":false},"featured_media":92588,"template":"","meta":{"_acf_changed":false},"product_brand":[],"product_cat":[271,25,264],"product_tag":[],"class_list":{"0":"post-9001","1":"product","2":"type-product","3":"status-publish","4":"has-post-thumbnail","6":"product_cat-activity","7":"product_cat-canyoning","8":"product_cat-featured","10":"first","11":"instock","12":"virtual","13":"sold-individually","14":"purchasable","15":"product-type-booking"},"booking_location":"","booking_location_type":"","booking_duration":8,"booking_duration_unit":"hour","booking_buffer":0,"booking_cost":0,"booking_resources":[],"acf":[],"_links":{"self":[{"href":"https:\/\/ticinoadventures.com\/fr\/wp-json\/wp\/v2\/product\/9001","targetHints":{"allow":["GET"]}}],"collection":[{"href":"https:\/\/ticinoadventures.com\/fr\/wp-json\/wp\/v2\/product"}],"about":[{"href":"https:\/\/ticinoadventures.com\/fr\/wp-json\/wp\/v2\/types\/product"}],"wp:featuredmedia":[{"embeddable":true,"href":"https:\/\/ticinoadventures.com\/fr\/wp-json\/wp\/v2\/media\/92588"}],"wp:attachment":[{"href":"https:\/\/ticinoadventures.com\/fr\/wp-json\/wp\/v2\/media?parent=9001"}],"wp:term":[{"taxonomy":"product_brand","embeddable":true,"href":"https:\/\/ticinoadventures.com\/fr\/wp-json\/wp\/v2\/product_brand?post=9001"},{"taxonomy":"product_cat","embeddable":true,"href":"https:\/\/ticinoadventures.com\/fr\/wp-json\/wp\/v2\/product_cat?post=9001"},{"taxonomy":"product_tag","embeddable":true,"href":"https:\/\/ticinoadventures.com\/fr\/wp-json\/wp\/v2\/product_tag?post=9001"}],"curies":[{"name":"wp","href":"https:\/\/api.w.org\/{rel}","templated":true}]}}