{"id":9004,"date":"2017-04-15T13:51:22","date_gmt":"2017-04-15T11:51:22","guid":{"rendered":"http:\/\/ticino-adventures.local\/product\/canyoning-lodrino-ultimate\/"},"modified":"2024-04-14T00:53:15","modified_gmt":"2024-04-13T22:53:15","slug":"canyoning-lodrino-integrale","status":"publish","type":"product","link":"https:\/\/ticinoadventures.com\/fr\/produit\/canyoning-lodrino-integrale\/","title":{"rendered":"Canyoning Lodrino Integrale"},"content":{"rendered":"<p>Pour les canyoneurs en pleine forme et exp\u00e9riment\u00e9s, le Lodrino Integrale offre un d\u00e9fi fantastique. Beaucoup de plaisir et d&rsquo;action dans un canyon absolument grandiose, dont la beaut\u00e9 est difficile \u00e0 surpasser ; c&rsquo;est le canyoning tessinois \u00e0 son meilleur ! De nombreux sauts dans toutes les variantes (max. 12 m), des toboggans impressionnants et plusieurs grands rappels expos\u00e9s (max. 50 m) feront monter le niveau d&rsquo;excitation. Entre les deux, il y a aussi des moments plus calmes, qui te permettent de profiter simplement de l&rsquo;incroyable beaut\u00e9 de ce canyon exceptionnel. En raison de l&rsquo;\u00e9coulement naturel de l&rsquo;eau provenant d&rsquo;une vaste zone de drainage, la saison de Lodrino est courte. Si tu as les comp\u00e9tences n\u00e9cessaires et que tu peux \u00eatre l\u00e0 au bon moment, nous te garantissons que Lodrino ne te d\u00e9cevra pas. Le temps d&rsquo;approche est d&rsquo;environ 40 minutes, le temps dans le canyon est d&rsquo;environ 4 \u00e0 5 heures. L&rsquo;approche est assez expos\u00e9e dans certains passages.<\/p>\n","protected":false},"excerpt":{"rendered":"<p>Pour les canyoneurs en pleine forme et exp\u00e9riment\u00e9s, le Lodrino Integrale offre un d\u00e9fi fantastique. Beaucoup de plaisir et d&rsquo;action dans un canyon absolument grandiose, dont la beaut\u00e9 est difficile \u00e0 surpasser ; c&rsquo;est le canyoning tessinois \u00e0 son meilleur ! De nombreux sauts dans toutes les variantes (max. 12 m), des toboggans impressionnants et<a href=\"https:\/\/ticinoadventures.com\/fr\/produit\/canyoning-lodrino-integrale\/\">Lire la suite de <span class=\"sr-only\">\u00ab\u00a0Canyoning Lodrino Integrale\u00a0\u00bb<\/span><\/a><\/p>\n","protected":false},"featured_media":5525,"template":"","meta":{"_acf_changed":false},"product_brand":[],"product_cat":[271,25],"product_tag":[],"class_list":{"0":"post-9004","1":"product","2":"type-product","3":"status-publish","4":"has-post-thumbnail","6":"product_cat-activity","7":"product_cat-canyoning","9":"first","10":"instock","11":"virtual","12":"sold-individually","13":"purchasable","14":"product-type-booking"},"booking_location":"","booking_location_type":"","booking_duration":7,"booking_duration_unit":"hour","booking_buffer":0,"booking_cost":0,"booking_resources":[],"acf":[],"_links":{"self":[{"href":"https:\/\/ticinoadventures.com\/fr\/wp-json\/wp\/v2\/product\/9004","targetHints":{"allow":["GET"]}}],"collection":[{"href":"https:\/\/ticinoadventures.com\/fr\/wp-json\/wp\/v2\/product"}],"about":[{"href":"https:\/\/ticinoadventures.com\/fr\/wp-json\/wp\/v2\/types\/product"}],"wp:featuredmedia":[{"embeddable":true,"href":"https:\/\/ticinoadventures.com\/fr\/wp-json\/wp\/v2\/media\/5525"}],"wp:attachment":[{"href":"https:\/\/ticinoadventures.com\/fr\/wp-json\/wp\/v2\/media?parent=9004"}],"wp:term":[{"taxonomy":"product_brand","embeddable":true,"href":"https:\/\/ticinoadventures.com\/fr\/wp-json\/wp\/v2\/product_brand?post=9004"},{"taxonomy":"product_cat","embeddable":true,"href":"https:\/\/ticinoadventures.com\/fr\/wp-json\/wp\/v2\/product_cat?post=9004"},{"taxonomy":"product_tag","embeddable":true,"href":"https:\/\/ticinoadventures.com\/fr\/wp-json\/wp\/v2\/product_tag?post=9004"}],"curies":[{"name":"wp","href":"https:\/\/api.w.org\/{rel}","templated":true}]}}