{"id":9007,"date":"2017-04-15T13:17:26","date_gmt":"2017-04-15T11:17:26","guid":{"rendered":"http:\/\/ticino-adventures.local\/product\/canyoning-pontirone\/"},"modified":"2024-04-14T01:18:07","modified_gmt":"2024-04-13T23:18:07","slug":"canyoning-pontirone","status":"publish","type":"product","link":"https:\/\/ticinoadventures.com\/fr\/produit\/canyoning-pontirone\/","title":{"rendered":"Canyoning Pontirone"},"content":{"rendered":"<p>Cette courte excursion va t&rsquo;\u00e9poustoufler. Un rappel a\u00e9rien de 42 m\u00e8tres nous emm\u00e8ne au plus profond de l&rsquo;\u00e9troitesse caverneuse de Pontirone, probablement la section de canyon la plus spectaculaire de tout le Tessin. Tu trouveras plusieurs sauts int\u00e9ressants et techniques, mais tu seras peut-\u00eatre trop occup\u00e9 \u00e0 regarder le paysage pour r\u00e9aliser \u00e0 quel point tu t&rsquo;amuses. L&rsquo;approche prend environ 30 minutes, le temps r\u00e9el dans le canyon est d&rsquo;environ 1 \u00e0 2 heures.<\/p>\n","protected":false},"excerpt":{"rendered":"<p>Cette courte excursion va t&rsquo;\u00e9poustoufler. Un rappel a\u00e9rien de 42 m\u00e8tres nous emm\u00e8ne au plus profond de l&rsquo;\u00e9troitesse caverneuse de Pontirone, probablement la section de canyon la plus spectaculaire de tout le Tessin. Tu trouveras plusieurs sauts int\u00e9ressants et techniques, mais tu seras peut-\u00eatre trop occup\u00e9 \u00e0 regarder le paysage pour r\u00e9aliser \u00e0 quel point<a href=\"https:\/\/ticinoadventures.com\/fr\/produit\/canyoning-pontirone\/\">Lire la suite de <span class=\"sr-only\">\u00ab\u00a0Canyoning Pontirone\u00a0\u00bb<\/span><\/a><\/p>\n","protected":false},"featured_media":98450,"template":"","meta":{"_acf_changed":false},"product_brand":[],"product_cat":[272,119],"product_tag":[],"class_list":{"0":"post-9007","1":"product","2":"type-product","3":"status-publish","4":"has-post-thumbnail","6":"product_cat-activite","7":"product_cat-canyoning-fr","9":"first","10":"instock","11":"virtual","12":"sold-individually","13":"purchasable","14":"product-type-booking"},"booking_location":"","booking_location_type":"","booking_duration":270,"booking_duration_unit":"minute","booking_buffer":60,"booking_cost":0,"booking_resources":[],"acf":[],"_links":{"self":[{"href":"https:\/\/ticinoadventures.com\/fr\/wp-json\/wp\/v2\/product\/9007","targetHints":{"allow":["GET"]}}],"collection":[{"href":"https:\/\/ticinoadventures.com\/fr\/wp-json\/wp\/v2\/product"}],"about":[{"href":"https:\/\/ticinoadventures.com\/fr\/wp-json\/wp\/v2\/types\/product"}],"wp:featuredmedia":[{"embeddable":true,"href":"https:\/\/ticinoadventures.com\/fr\/wp-json\/wp\/v2\/media\/98450"}],"wp:attachment":[{"href":"https:\/\/ticinoadventures.com\/fr\/wp-json\/wp\/v2\/media?parent=9007"}],"wp:term":[{"taxonomy":"product_brand","embeddable":true,"href":"https:\/\/ticinoadventures.com\/fr\/wp-json\/wp\/v2\/product_brand?post=9007"},{"taxonomy":"product_cat","embeddable":true,"href":"https:\/\/ticinoadventures.com\/fr\/wp-json\/wp\/v2\/product_cat?post=9007"},{"taxonomy":"product_tag","embeddable":true,"href":"https:\/\/ticinoadventures.com\/fr\/wp-json\/wp\/v2\/product_tag?post=9007"}],"curies":[{"name":"wp","href":"https:\/\/api.w.org\/{rel}","templated":true}]}}