{"id":9010,"date":"2017-04-15T13:02:29","date_gmt":"2017-04-15T11:02:29","guid":{"rendered":"http:\/\/ticino-adventures.local\/product\/canyoning-malvaglia\/"},"modified":"2024-04-14T01:21:52","modified_gmt":"2024-04-13T23:21:52","slug":"canyoning-malvaglia","status":"publish","type":"product","link":"https:\/\/ticinoadventures.com\/fr\/produit\/canyoning-malvaglia\/","title":{"rendered":"Canyoning Malvaglia"},"content":{"rendered":"<p>Malvaglia offre un m\u00e9lange de sauts (max. 10 m), de toboggans et de rappels (max. 80 m) qui mettront \u00e0 l&rsquo;\u00e9preuve m\u00eame les canyonistes exp\u00e9riment\u00e9s. La derni\u00e8re s\u00e9quence de rappel impressionnera m\u00eame ceux qui n&rsquo;ont pas le vertige. Elle offre un d\u00e9fi unique et constitue une valeur s\u00fbre en d\u00e9but de saison, lorsque les autres canyons ont trop d&rsquo;eau. L&rsquo;approche prend environ 10 minutes, le temps r\u00e9el dans le canyon est d&rsquo;environ 3 \u00e0 4 heures.<\/p>\n","protected":false},"excerpt":{"rendered":"<p>Malvaglia offre un m\u00e9lange de sauts (max. 10 m), de toboggans et de rappels (max. 80 m) qui mettront \u00e0 l&rsquo;\u00e9preuve m\u00eame les canyonistes exp\u00e9riment\u00e9s. La derni\u00e8re s\u00e9quence de rappel impressionnera m\u00eame ceux qui n&rsquo;ont pas le vertige. Elle offre un d\u00e9fi unique et constitue une valeur s\u00fbre en d\u00e9but de saison, lorsque les autres<a href=\"https:\/\/ticinoadventures.com\/fr\/produit\/canyoning-malvaglia\/\">Lire la suite de <span class=\"sr-only\">\u00ab\u00a0Canyoning Malvaglia\u00a0\u00bb<\/span><\/a><\/p>\n","protected":false},"featured_media":5533,"template":"","meta":{"_acf_changed":false},"product_brand":[],"product_cat":[272,119],"product_tag":[],"class_list":{"0":"post-9010","1":"product","2":"type-product","3":"status-publish","4":"has-post-thumbnail","6":"product_cat-activite","7":"product_cat-canyoning-fr","9":"first","10":"instock","11":"virtual","12":"sold-individually","13":"purchasable","14":"product-type-booking"},"booking_location":"","booking_location_type":"","booking_duration":6,"booking_duration_unit":"hour","booking_buffer":0,"booking_cost":0,"booking_resources":[],"acf":[],"_links":{"self":[{"href":"https:\/\/ticinoadventures.com\/fr\/wp-json\/wp\/v2\/product\/9010","targetHints":{"allow":["GET"]}}],"collection":[{"href":"https:\/\/ticinoadventures.com\/fr\/wp-json\/wp\/v2\/product"}],"about":[{"href":"https:\/\/ticinoadventures.com\/fr\/wp-json\/wp\/v2\/types\/product"}],"wp:featuredmedia":[{"embeddable":true,"href":"https:\/\/ticinoadventures.com\/fr\/wp-json\/wp\/v2\/media\/5533"}],"wp:attachment":[{"href":"https:\/\/ticinoadventures.com\/fr\/wp-json\/wp\/v2\/media?parent=9010"}],"wp:term":[{"taxonomy":"product_brand","embeddable":true,"href":"https:\/\/ticinoadventures.com\/fr\/wp-json\/wp\/v2\/product_brand?post=9010"},{"taxonomy":"product_cat","embeddable":true,"href":"https:\/\/ticinoadventures.com\/fr\/wp-json\/wp\/v2\/product_cat?post=9010"},{"taxonomy":"product_tag","embeddable":true,"href":"https:\/\/ticinoadventures.com\/fr\/wp-json\/wp\/v2\/product_tag?post=9010"}],"curies":[{"name":"wp","href":"https:\/\/api.w.org\/{rel}","templated":true}]}}