{"id":9017,"date":"2017-04-15T12:47:01","date_gmt":"2017-04-15T10:47:01","guid":{"rendered":"http:\/\/ticino-adventures.local\/product\/val-grande\/"},"modified":"2024-07-05T10:49:35","modified_gmt":"2024-07-05T08:49:35","slug":"val-grande","status":"publish","type":"product","link":"https:\/\/ticinoadventures.com\/fr\/produit\/val-grande\/","title":{"rendered":"Canyoning Val Grande"},"content":{"rendered":"<div class=\"flex flex-grow flex-col max-w-full\">\n<div class=\"min-h-[20px] text-message flex flex-col items-start whitespace-pre-wrap break-words [.text-message+&amp;]:mt-5 juice:w-full juice:items-end overflow-x-auto gap-2\" dir=\"auto\" data-message-author-role=\"assistant\" data-message-id=\"1bf621b5-8cfe-4621-91c0-176df1fae9c7\">\n<div class=\"flex w-full flex-col gap-1 juice:empty:hidden juice:first:pt-[3px]\">\n<div class=\"markdown prose w-full break-words dark:prose-invert light\">\n<p>Val Grande, situ\u00e9 dans le Val Maggia, est une merveille du canyoning qui fascine par ses toboggans spectaculaires. Ce canyon offre une s\u00e9rie de sauts atteignant jusqu&rsquo;\u00e0 10 m\u00e8tres de hauteur et des rappels captivants allant jusqu&rsquo;\u00e0 25 m\u00e8tres, offrant une diversit\u00e9 d&rsquo;aventures palpitantes. Ce qui rend Val Grande si unique, ce sont ses formations rocheuses distinctives. Les bandes verticales noires et blanches conf\u00e8rent au canyon une esth\u00e9tique singuli\u00e8re et incomparable dans la r\u00e9gion du Tessin.<\/p>\n<p>L&rsquo;approche jusqu&rsquo;au d\u00e9part du canyon prend environ 30 minutes, tandis que l&rsquo;exploration r\u00e9elle du canyon dure entre 2 \u00e0 3 heures. Chaque instant pass\u00e9 \u00e0 d\u00e9valer les toboggans naturels et \u00e0 descendre les rappels vous plonge dans une exp\u00e9rience inoubliable au c\u0153ur de la nature sauvage du Tessin.<\/p>\n<p>Que vous soyez un aventurier chevronn\u00e9 ou un d\u00e9butant \u00e0 la recherche de sensations fortes, Val Grande offre un terrain de jeu id\u00e9al pour repousser vos limites et d\u00e9couvrir la beaut\u00e9 brute des paysages tessinois. Pr\u00e9parez-vous \u00e0 vous immerger dans une aventure o\u00f9 chaque virage r\u00e9v\u00e8le de nouvelles surprises et o\u00f9 chaque descente vous rapproche un peu plus de la nature.<\/p>\n<p>R\u00e9servez votre exp\u00e9rience de canyoning \u00e0 Val Grande d\u00e8s aujourd&rsquo;hui et pr\u00e9parez-vous \u00e0 vivre des moments de pure adr\u00e9naline au c\u0153ur des Alpes suisses.<\/p>\n<\/div>\n<\/div>\n<\/div>\n<\/div>\n<div class=\"mt-1 flex gap-3 empty:hidden juice:-ml-3\">\n<div class=\"items-center justify-start rounded-xl p-1 flex\">\n<div class=\"flex items-center\"><button class=\"rounded-lg text-token-text-secondary hover:bg-token-main-surface-secondary\"><\/button><button class=\"rounded-lg text-token-text-secondary hover:bg-token-main-surface-secondary\"><\/button><button class=\"rounded-lg text-token-text-secondary hover:bg-token-main-surface-secondary\"><\/button><\/p>\n<div class=\"flex\"><\/div>\n<div class=\"flex items-center pb-0.5 juice:pb-0\">\n<div class=\"[&amp;_svg]:h-full [&amp;_svg]:w-full icon-md h-4 w-4\"><\/div>\n<\/div>\n<\/div>\n<\/div>\n<\/div>\n","protected":false},"excerpt":{"rendered":"<p>Val Grande, situ\u00e9 dans le Val Maggia, est une merveille du canyoning qui fascine par ses toboggans spectaculaires. Ce canyon offre une s\u00e9rie de sauts atteignant jusqu&rsquo;\u00e0 10 m\u00e8tres de hauteur et des rappels captivants allant jusqu&rsquo;\u00e0 25 m\u00e8tres, offrant une diversit\u00e9 d&rsquo;aventures palpitantes. Ce qui rend Val Grande si unique, ce sont ses formations<a href=\"https:\/\/ticinoadventures.com\/fr\/produit\/val-grande\/\">Lire la suite de <span class=\"sr-only\">\u00ab\u00a0Canyoning Val Grande\u00a0\u00bb<\/span><\/a><\/p>\n","protected":false},"featured_media":2184,"template":"","meta":{"_acf_changed":false},"product_brand":[],"product_cat":[272,119],"product_tag":[],"class_list":{"0":"post-9017","1":"product","2":"type-product","3":"status-publish","4":"has-post-thumbnail","6":"product_cat-activite","7":"product_cat-canyoning-fr","9":"first","10":"instock","11":"virtual","12":"sold-individually","13":"purchasable","14":"product-type-booking"},"booking_location":"","booking_location_type":"","booking_duration":270,"booking_duration_unit":"minute","booking_buffer":60,"booking_cost":0,"booking_resources":[],"acf":[],"_links":{"self":[{"href":"https:\/\/ticinoadventures.com\/fr\/wp-json\/wp\/v2\/product\/9017","targetHints":{"allow":["GET"]}}],"collection":[{"href":"https:\/\/ticinoadventures.com\/fr\/wp-json\/wp\/v2\/product"}],"about":[{"href":"https:\/\/ticinoadventures.com\/fr\/wp-json\/wp\/v2\/types\/product"}],"wp:featuredmedia":[{"embeddable":true,"href":"https:\/\/ticinoadventures.com\/fr\/wp-json\/wp\/v2\/media\/2184"}],"wp:attachment":[{"href":"https:\/\/ticinoadventures.com\/fr\/wp-json\/wp\/v2\/media?parent=9017"}],"wp:term":[{"taxonomy":"product_brand","embeddable":true,"href":"https:\/\/ticinoadventures.com\/fr\/wp-json\/wp\/v2\/product_brand?post=9017"},{"taxonomy":"product_cat","embeddable":true,"href":"https:\/\/ticinoadventures.com\/fr\/wp-json\/wp\/v2\/product_cat?post=9017"},{"taxonomy":"product_tag","embeddable":true,"href":"https:\/\/ticinoadventures.com\/fr\/wp-json\/wp\/v2\/product_tag?post=9017"}],"curies":[{"name":"wp","href":"https:\/\/api.w.org\/{rel}","templated":true}]}}