{"id":9021,"date":"2017-04-15T12:58:06","date_gmt":"2017-04-15T10:58:06","guid":{"rendered":"http:\/\/ticino-adventures.local\/product\/canyoning-iragna\/"},"modified":"2024-06-01T22:51:42","modified_gmt":"2024-06-01T20:51:42","slug":"canyoning-iragna-explorer","status":"publish","type":"product","link":"https:\/\/ticinoadventures.com\/fr\/produit\/canyoning-iragna-explorer\/","title":{"rendered":"Canyoning Iragna Explorer"},"content":{"rendered":"<p>L&rsquo;Iragna est un canyon vraiment exceptionnel, m\u00eame parmi les merveilleux canyons de la r\u00e9gion du Tessin. Ses magnifiques parois vertes te donneront l&rsquo;impression d&rsquo;\u00eatre sur une \u00eele tropicale. Il offre tout ce qui fait le charme du canyoning : un paysage de canyon impressionnant, une eau cristalline, de nombreux grands sauts (max. 13 m, les sauts en hauteur sont facultatifs), des toboggans plus petits et de grands rappels (max. 40 m). De l&rsquo;aventure \u00e0 l&rsquo;\u00e9tat pur ! L&rsquo;approche dure environ 40 minutes, le temps r\u00e9el dans le canyon est d&rsquo;environ 3 \u00e0 4 heures.<\/p>\n","protected":false},"excerpt":{"rendered":"<p>L&rsquo;Iragna est un canyon vraiment exceptionnel, m\u00eame parmi les merveilleux canyons de la r\u00e9gion du Tessin. Ses magnifiques parois vertes te donneront l&rsquo;impression d&rsquo;\u00eatre sur une \u00eele tropicale. Il offre tout ce qui fait le charme du canyoning : un paysage de canyon impressionnant, une eau cristalline, de nombreux grands sauts (max. 13 m, les<a href=\"https:\/\/ticinoadventures.com\/fr\/produit\/canyoning-iragna-explorer\/\">Lire la suite de <span class=\"sr-only\">\u00ab\u00a0Canyoning Iragna Explorer\u00a0\u00bb<\/span><\/a><\/p>\n","protected":false},"featured_media":2726,"template":"","meta":{"_acf_changed":false},"product_brand":[],"product_cat":[272,119,275],"product_tag":[],"class_list":{"0":"post-9021","1":"product","2":"type-product","3":"status-publish","4":"has-post-thumbnail","6":"product_cat-activite","7":"product_cat-canyoning-fr","8":"product_cat-featured-fr","10":"first","11":"instock","12":"virtual","13":"sold-individually","14":"purchasable","15":"product-type-booking"},"booking_location":"","booking_location_type":"","booking_duration":6,"booking_duration_unit":"hour","booking_buffer":0,"booking_cost":0,"booking_resources":[],"acf":[],"_links":{"self":[{"href":"https:\/\/ticinoadventures.com\/fr\/wp-json\/wp\/v2\/product\/9021","targetHints":{"allow":["GET"]}}],"collection":[{"href":"https:\/\/ticinoadventures.com\/fr\/wp-json\/wp\/v2\/product"}],"about":[{"href":"https:\/\/ticinoadventures.com\/fr\/wp-json\/wp\/v2\/types\/product"}],"wp:featuredmedia":[{"embeddable":true,"href":"https:\/\/ticinoadventures.com\/fr\/wp-json\/wp\/v2\/media\/2726"}],"wp:attachment":[{"href":"https:\/\/ticinoadventures.com\/fr\/wp-json\/wp\/v2\/media?parent=9021"}],"wp:term":[{"taxonomy":"product_brand","embeddable":true,"href":"https:\/\/ticinoadventures.com\/fr\/wp-json\/wp\/v2\/product_brand?post=9021"},{"taxonomy":"product_cat","embeddable":true,"href":"https:\/\/ticinoadventures.com\/fr\/wp-json\/wp\/v2\/product_cat?post=9021"},{"taxonomy":"product_tag","embeddable":true,"href":"https:\/\/ticinoadventures.com\/fr\/wp-json\/wp\/v2\/product_tag?post=9021"}],"curies":[{"name":"wp","href":"https:\/\/api.w.org\/{rel}","templated":true}]}}