{"id":92972,"date":"2024-05-23T08:16:02","date_gmt":"2024-05-23T06:16:02","guid":{"rendered":"https:\/\/ticinoadventures.com\/?post_type=product&#038;p=92972"},"modified":"2024-06-01T22:59:55","modified_gmt":"2024-06-01T20:59:55","slug":"canyoning-iragna","status":"publish","type":"product","link":"https:\/\/ticinoadventures.com\/fr\/produit\/canyoning-iragna\/","title":{"rendered":"Canyoning Iragna"},"content":{"rendered":"<p>Partez pour une exp\u00e9dition de canyoning inoubliable \u00e0 Iragna, o\u00f9 l&rsquo;aventure rencontre la beaut\u00e9 naturelle. Commencez votre voyage par une rapide approche de 30 minutes qui vous m\u00e8ne \u00e0 l&rsquo;entr\u00e9e de ce magnifique canyon. Une fois \u00e0 l&rsquo;int\u00e9rieur, vous serez accueilli par des eaux cristallines et un paysage naturel \u00e0 couper le souffle qui vous laissera \u00e9merveill\u00e9.<\/p>\n<p>Cette aventure exaltante offre un parfait \u00e9quilibre entre excitation et tranquillit\u00e9. Ressentez votre adr\u00e9naline monter en affrontant des sauts allant jusqu&rsquo;\u00e0 8 m\u00e8tres, chacun offrant une mont\u00e9e de sensations fortes. Mettez votre courage \u00e0 l&rsquo;\u00e9preuve avec des descentes en rappel allant jusqu&rsquo;\u00e0 40 m\u00e8tres, offrant un d\u00e9fi qui vous laissera un sentiment d&rsquo;accomplissement. Glissez le long de toboggans naturels, laissant l&rsquo;eau vous porter \u00e0 travers les m\u00e9andres du canyon.<\/p>\n<p>Naviguez \u00e0 travers ce paysage pittoresque, o\u00f9 chaque d\u00e9tour r\u00e9v\u00e8le l&rsquo;essence m\u00eame du canyoning au Ticino. Les environs luxuriants et les eaux cristallines cr\u00e9ent un environnement serein, rendant l&rsquo;aventure aussi apaisante qu&rsquo;excitante. Passez 2 \u00e0 3 heures enti\u00e8rement immerg\u00e9 dans les merveilles du canyon, explorant des recoins cach\u00e9s et vous \u00e9merveillant devant la beaut\u00e9 intacte qui d\u00e9finit Iragna.<\/p>\n<p>\u00c0 la fin de votre parcours, vous vous sentirez rafra\u00eechi et revigor\u00e9, apr\u00e8s avoir v\u00e9cu un m\u00e9lange unique de sensations fortes et de splendeur naturelle. Que vous soyez un canyonneur exp\u00e9riment\u00e9 ou novice, l&rsquo;exp\u00e9dition de canyoning \u00e0 Iragna promet une aventure inoubliable qui met en lumi\u00e8re la beaut\u00e9 intacte et les d\u00e9fis exaltants du Ticino.<\/p>\n","protected":false},"excerpt":{"rendered":"<p>Partez pour une exp\u00e9dition de canyoning inoubliable \u00e0 Iragna, o\u00f9 l&rsquo;aventure rencontre la beaut\u00e9 naturelle. Commencez votre voyage par une rapide approche de 30 minutes qui vous m\u00e8ne \u00e0 l&rsquo;entr\u00e9e de ce magnifique canyon. Une fois \u00e0 l&rsquo;int\u00e9rieur, vous serez accueilli par des eaux cristallines et un paysage naturel \u00e0 couper le souffle qui vous<a href=\"https:\/\/ticinoadventures.com\/fr\/produit\/canyoning-iragna\/\">Lire la suite de <span class=\"sr-only\">\u00ab\u00a0Canyoning Iragna\u00a0\u00bb<\/span><\/a><\/p>\n","protected":false},"featured_media":2726,"template":"","meta":{"_acf_changed":false},"product_brand":[],"product_cat":[272,119,275],"product_tag":[],"class_list":{"0":"post-92972","1":"product","2":"type-product","3":"status-publish","4":"has-post-thumbnail","6":"product_cat-activite","7":"product_cat-canyoning-fr","8":"product_cat-featured-fr","10":"first","11":"instock","12":"virtual","13":"sold-individually","14":"purchasable","15":"product-type-booking"},"booking_location":"","booking_location_type":"","booking_duration":270,"booking_duration_unit":"minute","booking_buffer":0,"booking_cost":0,"booking_resources":[],"acf":[],"_links":{"self":[{"href":"https:\/\/ticinoadventures.com\/fr\/wp-json\/wp\/v2\/product\/92972","targetHints":{"allow":["GET"]}}],"collection":[{"href":"https:\/\/ticinoadventures.com\/fr\/wp-json\/wp\/v2\/product"}],"about":[{"href":"https:\/\/ticinoadventures.com\/fr\/wp-json\/wp\/v2\/types\/product"}],"wp:featuredmedia":[{"embeddable":true,"href":"https:\/\/ticinoadventures.com\/fr\/wp-json\/wp\/v2\/media\/2726"}],"wp:attachment":[{"href":"https:\/\/ticinoadventures.com\/fr\/wp-json\/wp\/v2\/media?parent=92972"}],"wp:term":[{"taxonomy":"product_brand","embeddable":true,"href":"https:\/\/ticinoadventures.com\/fr\/wp-json\/wp\/v2\/product_brand?post=92972"},{"taxonomy":"product_cat","embeddable":true,"href":"https:\/\/ticinoadventures.com\/fr\/wp-json\/wp\/v2\/product_cat?post=92972"},{"taxonomy":"product_tag","embeddable":true,"href":"https:\/\/ticinoadventures.com\/fr\/wp-json\/wp\/v2\/product_tag?post=92972"}],"curies":[{"name":"wp","href":"https:\/\/api.w.org\/{rel}","templated":true}]}}