{"id":9383,"date":"2017-04-15T12:43:14","date_gmt":"2017-04-15T10:43:14","guid":{"rendered":"http:\/\/ticino-adventures.local\/product\/canyoning-boggera-2\/"},"modified":"2025-04-24T08:24:58","modified_gmt":"2025-04-24T06:24:58","slug":"canyoning-boggera","status":"publish","type":"product","link":"https:\/\/ticinoadventures.com\/fr\/produit\/canyoning-boggera\/","title":{"rendered":"Canyoning Boggera"},"content":{"rendered":"<p>Le canyoning dans le Tessin est un v\u00e9ritable paradis pour les aventuriers, et le Boggera dans la Valle di Cresciano est sans aucun doute l&rsquo;un des plus beaux canyons de la r\u00e9gion. Situ\u00e9 \u00e0 seulement quatre minutes de notre base, ce canyon ouvert et ensoleill\u00e9 vous attend avec plusieurs rappels (jusqu&rsquo;\u00e0 25 m\u00e8tres), de nombreuses glissades et des sauts fantastiques pouvant atteindre 10 m\u00e8tres (tous les sauts sont facultatifs). L&rsquo;eau cristalline et les formations rocheuses uniques vous \u00e9merveilleront. Le temps d&rsquo;approche est d&rsquo;environ 30 minutes, et le temps r\u00e9el pass\u00e9 dans le canyon est d&rsquo;environ 2 \u00e0 3 heures.<\/p>\n<p>Vivez l&rsquo;aventure \u00e9poustouflante du canyoning dans le Boggera et plongez dans la beaut\u00e9 de ce spectacle naturel fascinant. R\u00e9servez d\u00e8s aujourd&rsquo;hui votre excursion et profitez d&rsquo;une exp\u00e9rience inoubliable au c\u0153ur du paysage spectaculaire du Tessin.<\/p>\n","protected":false},"excerpt":{"rendered":"<p>Le canyoning dans le Tessin est un v\u00e9ritable paradis pour les aventuriers, et le Boggera dans la Valle di Cresciano est sans aucun doute l&rsquo;un des plus beaux canyons de la r\u00e9gion. Situ\u00e9 \u00e0 seulement quatre minutes de notre base, ce canyon ouvert et ensoleill\u00e9 vous attend avec plusieurs rappels (jusqu&rsquo;\u00e0 25 m\u00e8tres), de nombreuses<a href=\"https:\/\/ticinoadventures.com\/fr\/produit\/canyoning-boggera\/\">Lire la suite de <span class=\"sr-only\">\u00ab\u00a0Canyoning Boggera\u00a0\u00bb<\/span><\/a><\/p>\n","protected":false},"featured_media":2780,"template":"","meta":{"_acf_changed":false},"product_brand":[],"product_cat":[272,119,275],"product_tag":[],"class_list":{"0":"post-9383","1":"product","2":"type-product","3":"status-publish","4":"has-post-thumbnail","6":"product_cat-activite","7":"product_cat-canyoning-fr","8":"product_cat-featured-fr","10":"first","11":"instock","12":"virtual","13":"sold-individually","14":"purchasable","15":"product-type-booking"},"booking_location":"","booking_location_type":"","booking_duration":30,"booking_duration_unit":"minute","booking_buffer":0,"booking_cost":0,"booking_resources":[],"acf":[],"_links":{"self":[{"href":"https:\/\/ticinoadventures.com\/fr\/wp-json\/wp\/v2\/product\/9383","targetHints":{"allow":["GET"]}}],"collection":[{"href":"https:\/\/ticinoadventures.com\/fr\/wp-json\/wp\/v2\/product"}],"about":[{"href":"https:\/\/ticinoadventures.com\/fr\/wp-json\/wp\/v2\/types\/product"}],"wp:featuredmedia":[{"embeddable":true,"href":"https:\/\/ticinoadventures.com\/fr\/wp-json\/wp\/v2\/media\/2780"}],"wp:attachment":[{"href":"https:\/\/ticinoadventures.com\/fr\/wp-json\/wp\/v2\/media?parent=9383"}],"wp:term":[{"taxonomy":"product_brand","embeddable":true,"href":"https:\/\/ticinoadventures.com\/fr\/wp-json\/wp\/v2\/product_brand?post=9383"},{"taxonomy":"product_cat","embeddable":true,"href":"https:\/\/ticinoadventures.com\/fr\/wp-json\/wp\/v2\/product_cat?post=9383"},{"taxonomy":"product_tag","embeddable":true,"href":"https:\/\/ticinoadventures.com\/fr\/wp-json\/wp\/v2\/product_tag?post=9383"}],"curies":[{"name":"wp","href":"https:\/\/api.w.org\/{rel}","templated":true}]}}