{"id":9385,"date":"2017-04-15T12:21:58","date_gmt":"2017-04-15T10:21:58","guid":{"rendered":"http:\/\/ticino-adventures.local\/product\/canyoning-corippo\/"},"modified":"2024-05-13T18:30:16","modified_gmt":"2024-05-13T16:30:16","slug":"canyoning-corippo","status":"publish","type":"product","link":"https:\/\/ticinoadventures.com\/fr\/produit\/canyoning-corippo\/","title":{"rendered":"Canyoning Corippo"},"content":{"rendered":"<p>Corippo, situ\u00e9 dans la pittoresque Valle Verzasca, est un choix id\u00e9al pour les d\u00e9butants \u00e0 la recherche d&rsquo;une exp\u00e9rience de canyoning inoubliable. Ce charmant canyon est id\u00e9alement situ\u00e9 \u00e0 seulement quelques minutes de route des nombreux h\u00f4tels et campings de la r\u00e9gion de Locarno, ce qui le rend facilement accessible pour les aventuriers de tous \u00e2ges.<\/p>\n<p>Notre excursion de canyoning \u00e0 Corippo est con\u00e7ue pour \u00eatre \u00e0 la fois palpitante et accessible, avec une vari\u00e9t\u00e9 d&rsquo;activit\u00e9s excitantes adapt\u00e9es aux d\u00e9butants. Vous aurez l&rsquo;occasion de naviguer \u00e0 travers plusieurs glissades exaltantes, de vous mettre au d\u00e9fi avec des sauts optionnels et de ressentir le frisson de l&rsquo;escalade en rappel sur des falaises rocheuses.<\/p>\n<p>En explorant le canyon, vous aurez \u00e9galement la chance de vous plonger dans la superbe beaut\u00e9 naturelle de la Valle Verzasca, avec ses eaux cristallines et ses paysages verdoyants luxuriants. Et quoi de mieux pour terminer l&rsquo;aventure qu&rsquo;une baignade rafra\u00eechissante dans le lac serein ?<\/p>\n<p>L&rsquo;approche du canyon de Corippo prend environ 15 minutes, vous permettant de passer rapidement de votre logement au c\u0153ur de l&rsquo;action. Une fois \u00e0 l&rsquo;int\u00e9rieur du canyon, vous pouvez vous attendre \u00e0 passer environ 2 \u00e0 3 heures \u00e0 explorer ses tr\u00e9sors cach\u00e9s et \u00e0 profiter de l&rsquo;excitation du canyoning dans ce cadre \u00e0 couper le souffle.<\/p>\n<p>Rejoignez-nous pour un voyage inoubliable au c\u0153ur du canyon de Corippo, o\u00f9 des aventures emplies de plaisir et des merveilles naturelles vous attendent. R\u00e9servez votre exp\u00e9rience de canyoning d\u00e8s aujourd&rsquo;hui et lancez-vous dans une escapade palpitante dans la magnifique Valle Verzasca.<\/p>\n","protected":false},"excerpt":{"rendered":"<p>Corippo, situ\u00e9 dans la pittoresque Valle Verzasca, est un choix id\u00e9al pour les d\u00e9butants \u00e0 la recherche d&rsquo;une exp\u00e9rience de canyoning inoubliable. Ce charmant canyon est id\u00e9alement situ\u00e9 \u00e0 seulement quelques minutes de route des nombreux h\u00f4tels et campings de la r\u00e9gion de Locarno, ce qui le rend facilement accessible pour les aventuriers de tous<a href=\"https:\/\/ticinoadventures.com\/fr\/produit\/canyoning-corippo\/\">Lire la suite de <span class=\"sr-only\">\u00ab\u00a0Canyoning Corippo\u00a0\u00bb<\/span><\/a><\/p>\n","protected":false},"featured_media":2208,"template":"","meta":{"_acf_changed":false},"product_brand":[],"product_cat":[272,119],"product_tag":[],"class_list":{"0":"post-9385","1":"product","2":"type-product","3":"status-publish","4":"has-post-thumbnail","6":"product_cat-activite","7":"product_cat-canyoning-fr","9":"first","10":"instock","11":"virtual","12":"sold-individually","13":"purchasable","14":"product-type-booking"},"booking_location":"","booking_location_type":"","booking_duration":270,"booking_duration_unit":"minute","booking_buffer":60,"booking_cost":0,"booking_resources":[],"acf":[],"_links":{"self":[{"href":"https:\/\/ticinoadventures.com\/fr\/wp-json\/wp\/v2\/product\/9385","targetHints":{"allow":["GET"]}}],"collection":[{"href":"https:\/\/ticinoadventures.com\/fr\/wp-json\/wp\/v2\/product"}],"about":[{"href":"https:\/\/ticinoadventures.com\/fr\/wp-json\/wp\/v2\/types\/product"}],"wp:featuredmedia":[{"embeddable":true,"href":"https:\/\/ticinoadventures.com\/fr\/wp-json\/wp\/v2\/media\/2208"}],"wp:attachment":[{"href":"https:\/\/ticinoadventures.com\/fr\/wp-json\/wp\/v2\/media?parent=9385"}],"wp:term":[{"taxonomy":"product_brand","embeddable":true,"href":"https:\/\/ticinoadventures.com\/fr\/wp-json\/wp\/v2\/product_brand?post=9385"},{"taxonomy":"product_cat","embeddable":true,"href":"https:\/\/ticinoadventures.com\/fr\/wp-json\/wp\/v2\/product_cat?post=9385"},{"taxonomy":"product_tag","embeddable":true,"href":"https:\/\/ticinoadventures.com\/fr\/wp-json\/wp\/v2\/product_tag?post=9385"}],"curies":[{"name":"wp","href":"https:\/\/api.w.org\/{rel}","templated":true}]}}