{"id":6520,"date":"2017-04-17T11:00:58","date_gmt":"2017-04-17T09:00:58","guid":{"rendered":"http:\/\/ticinoadventures.com\/valutazioni-delle-avventure\/"},"modified":"2024-04-12T17:48:45","modified_gmt":"2024-04-12T15:48:45","slug":"valutazioni-delle-avventure","status":"publish","type":"page","link":"https:\/\/ticinoadventures.com\/it\/valutazioni-delle-avventure\/","title":{"rendered":"Valutazioni delle avventure"},"content":{"rendered":"\n    <h3 class=\"container mx-auto\" style=\"text-align:left;\">Cosa significa tutto questo?<\/h3>\n\n\n\n<div style=\"height:25px\" aria-hidden=\"true\" class=\"wp-block-spacer\"><\/div>\n\n\n\n    <div id=\"ta-block_c72b4f551049527e5871fc2b370ef8e1\" class=\"taParagraph text-base container mx-auto\">\n        <p><strong>Quale avventura \u00e8 pi\u00f9 adatta a te?<\/strong><\/p>\n<p>Tutte le nostre avventure richiedono un certo grado di azione fisica. Sono pratiche e coinvolgono gli elementi della natura. \u00c8 proprio cos\u00ec che ci piace!<\/p>\n<p>Abbiamo valutato ogni attivit\u00e0 in base alla durata, al livello, alla natura e all&#8217;azione. Queste sono solo delle linee guida. Tutte le attivit\u00e0 sono soggette alle condizioni meteorologiche, che possono influire sulla difficolt\u00e0 di un&#8217;attivit\u00e0.<\/p>\n<p>Scegliere l&#8217;avventura giusta per le tue capacit\u00e0 \u00e8 importante per la tua sicurezza e il tuo divertimento. Diamo un&#8217;occhiata a come viene determinata la valutazione di ciascuna attivit\u00e0.<\/p>\n    <\/div>\n\n\n\n<div style=\"height:25px\" aria-hidden=\"true\" class=\"wp-block-spacer\"><\/div>\n\n\n\n    <div id=\"ta-block_bb375e89e34d7a31beab85ea03336451\" class=\"taDropdown container mx-auto\">\n\n                                    <div class=\"border-b border-foreground px-1 py-3\">\n                    <h4 class=\"faq-question cursor-pointer text-base font-semibold\">Durata<\/h4>\n                    <div class=\"faq-answer hidden p-2\"><p>Abbiamo avventure che vanno da 2 ore a 8 ore. Puoi usare questa tabella per determinare cosa puoi inserire in un giorno (a volte puoi fare due viaggi!) o quanto pensi di poter gestire.<\/p>\n<p>Tieni presente che alcune delle escursioni pi\u00f9 brevi sono molto intense, quindi \u00e8 sempre una buona idea combinare la durata con il livello di valutazione di ogni attivit\u00e0.<\/p>\n<\/div>\n                <\/div>\n                            <div class=\"border-b border-foreground px-1 py-3\">\n                    <h4 class=\"faq-question cursor-pointer text-base font-semibold\">Livello<\/h4>\n                    <div class=\"faq-answer hidden p-2\"><p>I livelli di difficolt\u00e0 indicati (da 1 a 4) sono valori di riferimento e si riferiscono a condizioni esterne ideali. Siamo qui per offrirti un&#8217;esperienza sicura. Questo pu\u00f2 significare riprogrammare o proporre un&#8217;escursione alternativa se il tempo ha influenzato in modo significativo l&#8217;escursione che hai prenotato.<\/p>\n<p>1 Facile, livello principiante (a partire da 10 anni).<br \/>\n2 Medio, adatto a principianti atletici (a partire da 10 anni).<br \/>\n3 Difficile, adatto a persone atletiche con esperienza nell&#8217;attivit\u00e0 scelta (a partire da 16 anni).<br \/>\n4 Da difficile a molto difficile, adatto solo ad appassionati avanzati dell&#8217;attivit\u00e0 scelta (a partire da 18 anni).<\/p>\n<p><strong>Esempio di ciclismo:<\/strong><br \/>\n1 Sentieri per lo pi\u00f9 scorrevoli con poche rocce. Non molto ripidi. Non esposti.<br \/>\n2 Alcuni tratti rocciosi. Un po&#8217; pi\u00f9 ripidi, con alcune brevi parti esposte.<br \/>\n3 Molte rocce con dislivelli. Ripido. Sezioni esposte.<br \/>\n4 Grandi rocce, salti, grandi dislivelli. Molto ripido. Molta esposizione.<\/p>\n<\/div>\n                <\/div>\n                            <div class=\"border-b border-foreground px-1 py-3\">\n                    <h4 class=\"faq-question cursor-pointer text-base font-semibold\">Natura<\/h4>\n                    <div class=\"faq-answer hidden p-2\"><p>Il Ticino \u00e8 uno dei luoghi pi\u00f9 variegati del pianeta, immergersi in questo ambiente mediterraneo \u00e8 un voto 5 nei nostri libri ogni singolo giorno dell&#8217;anno! Tuttavia, a tutti noi piace fare paragoni.<\/p>\n<p>Se vuoi provare il canyoning, il Ticino \u00e8 la prima regione al mondo. Una guida locale la chiama Eldorado Ticino e il nome non \u00e8 un&#8217;esagerazione. Granito bianco e splendido, gneiss nero come l&#8217;inchiostro, acqua cristallina e una grande quantit\u00e0 di sole si combinano in un ambiente per il canyoning che non ha eguali.<\/p>\n<p>Anche in questo caso, diamo ai nostri viaggi un punteggio di 5, ma sappi che i nostri 2 sarebbero 5 in qualsiasi altra parte del mondo!<\/p>\n<\/div>\n                <\/div>\n                            <div class=\"border-b border-foreground px-1 py-3\">\n                    <h4 class=\"faq-question cursor-pointer text-base font-semibold\">Azione<\/h4>\n                    <div class=\"faq-answer hidden p-2\"><p>La valutazione &#8220;Azione&#8221; \u00e8 il nostro modo di valutare gli elementi dinamici di un viaggio. Pi\u00f9 alto \u00e8 il punteggio, pi\u00f9 intenso \u00e8 il viaggio. Una valutazione pi\u00f9 bassa pu\u00f2 richiedere meno coraggio per essere portata a termine, ma \u00e8 comunque fisicamente impegnativa.<\/p>\n<p><strong>Esempio di canyoning:<\/strong><br \/>\n<em>Valutazione alta<\/em> = maggior numero di grandi salti e scivoli con meno calate in corda doppia.<br \/>\n<em>Valutazione bassa<\/em> = relativamente pochi salti e scivoli con passaggi pi\u00f9 lunghi sul terreno o a nuoto e pi\u00f9 calate in corda doppia.<\/p>\n<p>Questo significa pi\u00f9 tempo per ammirare le bellezze naturali del luogo.<\/p>\n<\/div>\n                <\/div>\n                        <\/div>\n\n\n\n<div style=\"height:100px\" aria-hidden=\"true\" class=\"wp-block-spacer\"><\/div>\n","protected":false},"excerpt":{"rendered":"<p>Which adventures is right for you? We have a number of ratings for each trip to help you choose a trip that matches what you&#8217;re after!<\/p>\n","protected":false},"author":1,"featured_media":1429,"parent":0,"menu_order":0,"comment_status":"closed","ping_status":"closed","template":"page-category-template.php","meta":{"_acf_changed":false,"footnotes":""},"class_list":["post-6520","page","type-page","status-publish","has-post-thumbnail","hentry"],"acf":[],"_links":{"self":[{"href":"https:\/\/ticinoadventures.com\/it\/wp-json\/wp\/v2\/pages\/6520","targetHints":{"allow":["GET"]}}],"collection":[{"href":"https:\/\/ticinoadventures.com\/it\/wp-json\/wp\/v2\/pages"}],"about":[{"href":"https:\/\/ticinoadventures.com\/it\/wp-json\/wp\/v2\/types\/page"}],"author":[{"embeddable":true,"href":"https:\/\/ticinoadventures.com\/it\/wp-json\/wp\/v2\/users\/1"}],"replies":[{"embeddable":true,"href":"https:\/\/ticinoadventures.com\/it\/wp-json\/wp\/v2\/comments?post=6520"}],"version-history":[{"count":0,"href":"https:\/\/ticinoadventures.com\/it\/wp-json\/wp\/v2\/pages\/6520\/revisions"}],"wp:featuredmedia":[{"embeddable":true,"href":"https:\/\/ticinoadventures.com\/it\/wp-json\/wp\/v2\/media\/1429"}],"wp:attachment":[{"href":"https:\/\/ticinoadventures.com\/it\/wp-json\/wp\/v2\/media?parent=6520"}],"curies":[{"name":"wp","href":"https:\/\/api.w.org\/{rel}","templated":true}]}}