{"id":6701,"date":"2017-03-19T23:04:46","date_gmt":"2017-03-19T22:04:46","guid":{"rendered":"http:\/\/ticinoadventures.com\/sicurezza\/"},"modified":"2024-04-12T19:13:03","modified_gmt":"2024-04-12T17:13:03","slug":"sicurezza","status":"publish","type":"page","link":"https:\/\/ticinoadventures.com\/it\/sicurezza\/","title":{"rendered":"Sicurezza"},"content":{"rendered":"\n    <h3 class=\"container mx-auto\" style=\"text-align:left;\">La sicurezza prima di tutto. Nessuna eccezione!<\/h3>\n\n\n\n<div style=\"height:25px\" aria-hidden=\"true\" class=\"wp-block-spacer\"><\/div>\n\n\n\n    <div id=\"ta-block_7db93cbc346f38007435dab08eb324ad\" class=\"taParagraph text-base container mx-auto\">\n        <p><strong>Sempre in apprendimento, sempre al passo con i tempi.<\/strong><\/p>\n<p>Facciamo del nostro meglio per garantire la tua sicurezza. Per questo motivo abbiamo ottenuto la certificazione Safety in Adventures gi\u00e0 nel 2004. Nel 2020 abbiamo ottenuto la certificazione secondo lo standard ISO 21101 per le attivit\u00e0 all&#8217;aperto. Tutte le nostre attivit\u00e0 sono soggette a rigorosi regolamenti di sicurezza, che vengono rivisti annualmente da SGS.<\/p>\n    <\/div>\n\n\n\n<div style=\"height:25px\" aria-hidden=\"true\" class=\"wp-block-spacer\"><\/div>\n\n\n    <div id=\"ta-block_60b416fc51d4ec58719b4b9889cb8970\" class=\"taImage container mx-auto\">\n                    <img decoding=\"async\" src=\"data:image\/gif;base64,R0lGODlhAQABAAAAACH5BAEKAAEALAAAAAABAAEAAAICTAEAOw==\" alt=\"\" style=\"margin-right: auto; margin-left: 0;; width:50px; border-radius: 0.5rem;\" class=\"lazyload\" data-src=\"\">\n            <\/div>\n\n\n\n    <h4 class=\"container mx-auto\" style=\"text-align:left;\">ISO 21101<\/h4>\n\n\n\n    <div id=\"ta-block_5af927f0041b73b01a5034885df0a80b\" class=\"taParagraph text-base container mx-auto\">\n        <p>Nel 2020 abbiamo ottenuto la certificazione secondo lo standard ISO 21101 per le attivit\u00e0 all&#8217;aperto.<\/p>\n    <\/div>\n\n\n\n<div style=\"height:25px\" aria-hidden=\"true\" class=\"wp-block-spacer\"><\/div>\n\n\n    <div id=\"ta-block_cc8678f303e074d214fceb889898335f\" class=\"taImage container mx-auto\">\n                    <img decoding=\"async\" src=\"data:image\/gif;base64,R0lGODlhAQABAAAAACH5BAEKAAEALAAAAAABAAEAAAICTAEAOw==\" alt=\"Swiss Outdoor Association\" style=\"margin-right: auto; margin-left: 0;; width:50px; border-radius: 0.5rem;\" class=\"lazyload\" data-src=\"https:\/\/ticinoadventures.com\/wp-content\/uploads\/2018\/01\/swiss-outdoor-association-soa-logo.png\">\n            <\/div>\n\n\n\n    <h4 class=\"container mx-auto\" style=\"text-align:left;\">Formazione<\/h4>\n\n\n\n    <div id=\"ta-block_61b2b7e5e7788e5e26519125fc9c6dd5\" class=\"taParagraph text-base container mx-auto\">\n        <p>Tutte le nostre guide hanno ottenuto una formazione e una certificazione attraverso la Swiss Outdoor Association (SOA) o la Commission International de Canyon (CIC). Ci impegniamo a mantenere questo elevato standard di sicurezza e qualit\u00e0 attraverso il nostro intenso programma di formazione annuale.<\/p>\n    <\/div>\n\n\n\n<div style=\"height:25px\" aria-hidden=\"true\" class=\"wp-block-spacer\"><\/div>\n\n\n    <div id=\"ta-block_98f5e9c9572135199c0980ee992234e9\" class=\"taImage container mx-auto\">\n                    <img decoding=\"async\" src=\"data:image\/gif;base64,R0lGODlhAQABAAAAACH5BAEKAAEALAAAAAABAAEAAAICTAEAOw==\" alt=\"Ticino Adventures Safety\" style=\"margin-right: auto; margin-left: 0;; width:120px; ;\" class=\"lazyload\" data-src=\"https:\/\/ticinoadventures.com\/wp-content\/uploads\/2018\/01\/rega_switzerland_safety_canyoning_biking_rafting.svg\">\n            <\/div>\n\n\n\n    <h4 class=\"container mx-auto\" style=\"text-align:left;\">La Rega ti ha coperto?<\/h4>\n\n\n\n    <div id=\"ta-block_9dfb91121f8aba6b6e76448ef696c93d\" class=\"taParagraph text-base container mx-auto\">\n        <p>Facciamo tutto ci\u00f2 che \u00e8 in nostro potere per fornire un ambiente sicuro che ti permetta di vivere esperienze uniche. Tuttavia, la realt\u00e0 \u00e8 che svolgiamo attivit\u00e0 che coinvolgono gli elementi (il tempo).<\/p>\n<p>Raccomandiamo a tutti coloro che non sono ancora iscritti alla Rega di farlo prima di partire per un viaggio. \u00c8 un piccolo prezzo da pagare per avere la massima tranquillit\u00e0 nel caso in cui si verifichi uno scenario &#8220;what-if&#8221;.<\/p>\n<p><strong>Che cos&#8217;\u00e8 la Rega?<\/strong><br \/>\nLa Rega fornisce ai suoi membri assistenza medica di emergenza per via aerea. Gestisce elicotteri e aeroambulanze con personale qualificato ed esperto per effettuare operazioni di soccorso complesse. La Rega \u00e8 una fondazione privata senza scopo di lucro la cui unica missione \u00e8 il salvataggio sicuro delle persone in difficolt\u00e0.<\/p>\n<p>La Rega \u00e8 finanziata dai suoi membri. In cambio, la Rega si fa carico dei costi delle missioni di soccorso effettuate per i suoi membri nel caso in cui la tua assicurazione non sia tenuta a pagare.<\/p>\n<p>Per <strong>30chf all&#8217;anno<\/strong>, si tratta di un&#8217;offerta imperdibile per tutti coloro che praticano attivit\u00e0 di avventura in Svizzera.<\/p>\n    <\/div>\n\n\n\n<div style=\"height:25px\" aria-hidden=\"true\" class=\"wp-block-spacer\"><\/div>\n\n\n\n    <div id=\"ta-block_ef4bf4b2b8cf75b6fe6e8bbd51883dc4\" class=\"taButton container mx-auto\">\n        <div class=\"flex justify-start\">\n            <a href=\"https:\/\/www.rega.ch\/it\/sostenitori-della-rega\/diventare-sostenitori\" class=\"flex justify-center items-center uppercase rounded no-underline leading-none px-6 py-3 text-lg bg-tagreen text-background\" target=\"_blank\">Diventa socio Rega<\/a>\n        <\/div>\n    \n\n\n<div style=\"height:100px\" aria-hidden=\"true\" class=\"wp-block-spacer\"><\/div>\n","protected":false},"excerpt":{"rendered":"<p>Certified by Safety in Adventures we are serious about safety with no exceptions! All our activities are subject to highest standards.<\/p>\n","protected":false},"author":1,"featured_media":1443,"parent":0,"menu_order":0,"comment_status":"closed","ping_status":"closed","template":"page-category-template.php","meta":{"_acf_changed":false,"footnotes":""},"class_list":["post-6701","page","type-page","status-publish","has-post-thumbnail","hentry"],"acf":[],"_links":{"self":[{"href":"https:\/\/ticinoadventures.com\/it\/wp-json\/wp\/v2\/pages\/6701","targetHints":{"allow":["GET"]}}],"collection":[{"href":"https:\/\/ticinoadventures.com\/it\/wp-json\/wp\/v2\/pages"}],"about":[{"href":"https:\/\/ticinoadventures.com\/it\/wp-json\/wp\/v2\/types\/page"}],"author":[{"embeddable":true,"href":"https:\/\/ticinoadventures.com\/it\/wp-json\/wp\/v2\/users\/1"}],"replies":[{"embeddable":true,"href":"https:\/\/ticinoadventures.com\/it\/wp-json\/wp\/v2\/comments?post=6701"}],"version-history":[{"count":0,"href":"https:\/\/ticinoadventures.com\/it\/wp-json\/wp\/v2\/pages\/6701\/revisions"}],"wp:featuredmedia":[{"embeddable":true,"href":"https:\/\/ticinoadventures.com\/it\/wp-json\/wp\/v2\/media\/1443"}],"wp:attachment":[{"href":"https:\/\/ticinoadventures.com\/it\/wp-json\/wp\/v2\/media?parent=6701"}],"curies":[{"name":"wp","href":"https:\/\/api.w.org\/{rel}","templated":true}]}}