{"id":6775,"date":"2017-03-19T20:44:18","date_gmt":"2017-03-19T19:44:18","guid":{"rendered":"http:\/\/ticinoadventures.com\/su-di-noi\/"},"modified":"2024-04-14T15:29:59","modified_gmt":"2024-04-14T13:29:59","slug":"su-di-noi","status":"publish","type":"page","link":"https:\/\/ticinoadventures.com\/it\/su-di-noi\/","title":{"rendered":"Su di noi"},"content":{"rendered":"\n    <h3 class=\"container mx-auto\" style=\"text-align:left;\">Ispirato da una vita di avventure<\/h3>\n\n\n\n<div style=\"height:25px\" aria-hidden=\"true\" class=\"wp-block-spacer\"><\/div>\n\n\n\n    <div id=\"ta-block_1b6f242a724033257f288369b16c7dda\" class=\"taParagraph text-base container mx-auto\">\n        <p><strong>Puoi andare ovunque, vedere qualsiasi cosa e diventare chiunque.<\/strong><\/p>\n<p>Percorrere la strada meno battuta ti fa sentire vivo. Tutti i tuoi sensi sono all&#8217;erta e sei pronto ad accogliere nuove esperienze. Vivi il momento e ti adatti costantemente al nuovo ambiente e alla nuova situazione.<\/p>\n<p>Ticino Adventures \u00e8 un servizio professionale di guide outdoor che si basa proprio su questi principi. Viviamo per l&#8217;avventura e amiamo condividere esperienze indimenticabili con gli amanti del brivido di tutto il mondo.<\/p>\n<p>Non \u00e8 necessario essere un atleta estremo per vivere il meglio del Ticino. Ti porteremo fuori dalla tua zona di comfort, ti mostreremo l&#8217;incredibile bellezza del Ticino e creeremo ricordi che dureranno per sempre!<\/p>\n<p>#StartExploring<\/p>\n    <\/div>\n\n\n\n<div style=\"height:50px\" aria-hidden=\"true\" class=\"wp-block-spacer\"><\/div>\n\n\n\n    <h3 class=\"container mx-auto\" style=\"text-align:left;\">Vieni a conoscerci meglio!<\/h3>\n\n\n\n<div style=\"height:25px\" aria-hidden=\"true\" class=\"wp-block-spacer\"><\/div>\n\n\n\n    <div id=\"ta-block_07a9b7684160f66a380602c200dcfb14\" class=\"taTeam container mx-auto\">\n                    <div class=\"grid grid-cols-1 lg:grid-cols-2 2xl:grid-cols-3 gap-8\">\n                \n                    <div class=\"\">\n                        <div class=\"relative flex gap-2\">\n                            <div class=\"teamProfilePic aspect-square w-full\">\n                                <img loading=\"lazy\" decoding=\"async\" width=\"787\" height=\"1000\" src=\"data:image\/gif;base64,R0lGODlhAQABAAAAACH5BAEKAAEALAAAAAABAAEAAAICTAEAOw==\" class=\"attachment-large size-large lazyload\" alt=\"Zach\" sizes=\"auto, (max-width: 787px) 100vw, 787px\" data-src=\"https:\/\/ticinoadventures.com\/wp-content\/uploads\/2024\/04\/zach.jpg\" data-srcset=\"https:\/\/ticinoadventures.com\/wp-content\/uploads\/2024\/04\/zach.jpg 787w, https:\/\/ticinoadventures.com\/wp-content\/uploads\/2024\/04\/zach-236x300.jpg 236w, https:\/\/ticinoadventures.com\/wp-content\/uploads\/2024\/04\/zach-768x976.jpg 768w, https:\/\/ticinoadventures.com\/wp-content\/uploads\/2024\/04\/zach-510x648.jpg 510w, https:\/\/ticinoadventures.com\/wp-content\/uploads\/2024\/04\/zach-100x127.jpg 100w\">                            <\/div>\n                                                            <div class=\"flex flex-col justify-center items-center\">\n                                    <div class=\"flex flex-col gap-3 mt-12\">\n                                        <svg class=\"w-6 h-auto\" xmlns=\"http:\/\/www.w3.org\/2000\/svg\" viewBox=\"0 0 640 480\"><path fill=\"#012169\" d=\"M0 0h640v480H0z\"\/><path fill=\"#FFF\" d=\"m75 0 244 181L562 0h78v62L400 241l240 178v61h-80L320 301 81 480H0v-60l239-178L0 64V0z\"\/><path fill=\"#C8102E\" d=\"m424 281 216 159v40L369 281zm-184 20 6 35L54 480H0zM640 0v3L391 191l2-44L590 0zM0 0l239 176h-60L0 42z\"\/><path fill=\"#FFF\" d=\"M241 0v480h160V0zM0 160v160h640V160z\"\/><path fill=\"#C8102E\" d=\"M0 193v96h640v-96zM273 0v480h96V0z\"\/><\/svg>                                        <svg class=\"w-6 h-auto\" xmlns=\"http:\/\/www.w3.org\/2000\/svg\" viewBox=\"0 0 640 480\"><path fill=\"#fc0\" d=\"M0 320h640v160H0z\"\/><path fill=\"#000001\" d=\"M0 0h640v160H0z\"\/><path fill=\"red\" d=\"M0 160h640v160H0z\"\/><\/svg>                                        <svg class=\"w-6 h-auto\" xmlns=\"http:\/\/www.w3.org\/2000\/svg\" viewBox=\"0 0 640 480\"><path fill=\"#fff\" d=\"M0 0h640v480H0z\"\/><path fill=\"#009246\" d=\"M0 0h213.3v480H0z\"\/><path fill=\"#ce2b37\" d=\"M426.7 0H640v480H426.7z\"\/><\/svg>                                                                            <\/div>\n                                    <div class=\"h-full border-l border-neutral-400 ml-1 my-8\">&nbsp;<\/div>\n                                <\/div>\n                                                    <\/div>\n\n                        <div class=\"p-2 mt-2\">\n                            <div class=\"text-xl font-semibold leading-none my-1\">\n                                Zach                            <\/div>\n\n                            <div class=\"text-muted-foreground leading-none my-2\">Capo<\/div>\n\n                            <div class=\"mt-4 mb-2\">\n                                <p>Zach \u00e8 cresciuto in Alaska e nel Nuovo Messico. Dopo una carriera di sei mesi come ingegnere, ha iniziato a lavorare come guida di canyoning a Moab, nello Utah. Da allora ha guidato diverse attivit\u00e0 di avventura in tutto il mondo prima di stabilirsi in Ticino. Quando non lavora, vola con il suo parapendio, cavalca qualsiasi cosa abbia due ruote e d&#8217;inverno scia in tutto il mondo. Possiede anche una licenza come pilota tandem di parapendio e come guida di rafting.<\/p>\n                            <\/div>\n\n                                                            <div class=\"flex gap-2\">\n                                    <svg class=\"w-10 h-10\" xmlns=\"http:\/\/www.w3.org\/2000\/svg\" viewBox=\"0 0 1200 1200\" ><path d=\"m75 843.75v-562.5c0-4.9727 1.9766-9.7422 5.4922-13.258 3.5156-3.5156 8.2852-5.4922 13.258-5.4922h450v-37.5h-450c-14.918 0-29.227 5.9258-39.773 16.477-10.551 10.547-16.477 24.855-16.477 39.773v562.5c0 14.918 5.9258 29.227 16.477 39.773 10.547 10.551 24.855 16.477 39.773 16.477h262.5v-37.5h-262.5c-4.9727 0-9.7422-1.9766-13.258-5.4922-3.5156-3.5156-5.4922-8.2852-5.4922-13.258z\"\/>\n    <path d=\"m1012.5 843.75c0 4.9727-1.9766 9.7422-5.4922 13.258-3.5156 3.5156-8.2852 5.4922-13.258 5.4922h-262.5v37.5h262.5c14.918 0 29.227-5.9258 39.773-16.477 10.551-10.547 16.477-24.855 16.477-39.773v-431.25h-37.5z\"\/>\n    <path d=\"m1162.4 204.96-211.18-153.66c-3.7578-2.7109-8.3828-3.9492-12.992-3.4688l-259.71 27.469c-3.7695 0.39453-7.3281 1.9258-10.211 4.3867-2.8789 2.457-4.9492 5.7344-5.9336 9.3945l-22.258 83.062-62.152 35.98 18.75 32.477 29.68-17.137-7.6875 28.707 36.207 9.7109 7.707-28.727 17.137 29.699 32.477-18.75-35.891-62.23 15.188-56.68 64.988 47.305-29.137 108.75c-0.90625 3.3594-0.86328 6.9062 0.13281 10.238 0.99219 3.3359 2.8945 6.3281 5.4922 8.6445 2.6992 2.3984 66.711 58.742 124.65 74.27v-0.003906c19.273 4.6797 39.066 6.8789 58.895 6.5469 28.949-0.23828 57.816-3.1016 86.25-8.5508 3.4062-0.69922 6.5547-2.332 9.0859-4.7148 2.5352-2.3867 4.3555-5.4258 5.2578-8.7852l29.156-108.75 107.04-11.25c5.0352-0.55469 9.6328-3.1172 12.746-7.1133 3.1133-3.9961 4.4805-9.082 3.7852-14.098-0.69531-5.0195-3.3906-9.543-7.4727-12.539zm-178.39 132.68h-0.003906c-38.516 7.2461-78.027 7.418-116.61 0.50391-36.863-13.309-70.996-33.219-100.72-58.762l22.312-83.305 91.633 66.676-0.003906-0.003906c3.2109 2.332 7.0781 3.5859 11.043 3.582 0.66016 0 1.3164-0.035157 1.9688-0.11328l112.71-11.926zm-87.152-109.46-165.92-120.73 204.05-21.562 165.92 120.73z\"\/>\n    <path d=\"m543.75 637.5c-34.156-0.046875-67.52 10.285-95.668 29.629-28.148 19.344-49.758 46.785-61.957 78.688s-14.418 66.758-6.3594 99.949 26.012 63.148 51.484 85.902v212.08c0 4.4453 1.582 8.7461 4.457 12.133 2.8789 3.3906 6.8672 5.6445 11.254 6.3672 4.3867 0.71875 8.8867-0.14062 12.695-2.4297l84.094-50.457 84.094 50.457c3.8086 2.2891 8.3086 3.1484 12.695 2.4297 4.3867-0.72266 8.375-2.9766 11.254-6.3672 2.875-3.3867 4.457-7.6875 4.457-12.133v-212.08c25.473-22.754 43.426-52.711 51.484-85.902s5.8398-68.047-6.3594-99.949-33.809-59.344-61.957-78.688c-28.148-19.344-61.512-29.676-95.668-29.629zm75 473.12-65.344-39.188c-2.918-1.75-6.2539-2.6758-9.6562-2.6758s-6.7383 0.92578-9.6562 2.6758l-65.344 39.188v-153.43c23.27 11.707 48.953 17.805 75 17.805s51.73-6.0977 75-17.805zm-75-173.12c-34.809 0-68.195-13.828-92.809-38.441-24.613-24.613-38.441-58-38.441-92.809s13.828-68.195 38.441-92.809c24.613-24.613 58-38.441 92.809-38.441s68.195 13.828 92.809 38.441c24.613 24.613 38.441 58 38.441 92.809-0.039062 34.797-13.879 68.16-38.484 92.766s-57.969 38.445-92.766 38.484z\"\/>\n    <path d=\"m543.75 693.75c-29.836 0-58.453 11.852-79.551 32.949-21.098 21.098-32.949 49.715-32.949 79.551s11.852 58.453 32.949 79.551c21.098 21.098 49.715 32.949 79.551 32.949s58.453-11.852 79.551-32.949c21.098-21.098 32.949-49.715 32.949-79.551-0.03125-29.828-11.891-58.426-32.984-79.516-21.09-21.094-49.688-32.953-79.516-32.984zm0 187.5c-19.891 0-38.969-7.9023-53.031-21.969-14.066-14.062-21.969-33.141-21.969-53.031s7.9023-38.969 21.969-53.031c14.062-14.066 33.141-21.969 53.031-21.969s38.969 7.9023 53.031 21.969c14.066 14.062 21.969 33.141 21.969 53.031s-7.9023 38.969-21.969 53.031c-14.062 14.066-33.141 21.969-53.031 21.969z\"\/>\n    <path d=\"m112.5 731.25v75c0 4.9727 1.9766 9.7422 5.4922 13.258 3.5156 3.5156 8.2852 5.4922 13.258 5.4922h75v-37.5h-56.25v-56.25z\"\/>\n    <path d=\"m975 806.25v-75h-37.5v56.25h-56.25v37.5h75c4.9727 0 9.7422-1.9766 13.258-5.4922 3.5156-3.5156 5.4922-8.2852 5.4922-13.258z\"\/>\n    <path d=\"m225 300h-75c-4.9727 0-9.7422 1.9766-13.258 5.4922-3.5156 3.5156-5.4922 8.2852-5.4922 13.258v75h37.5v-56.25h56.25z\"\/>\n    <path d=\"m375 412.5h337.5v37.5h-337.5z\"\/>\n    <path d=\"m281.25 506.25h525v37.5h-525z\"\/><\/svg>\n                                    <ul>\n                                                                                    <li>Guida di canyoning SOA Livello 2 (guida escursionistica)<\/li>\n                                                                                    <li>Guida alla zattera di livello 1 SOA<\/li>\n                                                                                    <li>Primo soccorso in natura<\/li>\n                                                                                    <li>SHV-FSVL Parapendio tandem professionale<\/li>\n                                                                            <\/ul>\n                                <\/div>\n                            \n                            <div class=\"flex mt-4 gap-4\">\n                                <svg class=\"w-10 h-10\" xmlns=\"http:\/\/www.w3.org\/2000\/svg\" viewBox=\"0 0 1200 1200\" > <path d=\"m243.75 281.25c0-14.918-5.9258-29.227-16.477-39.773-10.547-10.551-24.855-16.477-39.773-16.477s-29.227 5.9258-39.773 16.477c-10.551 10.547-16.477 24.855-16.477 39.773s5.9258 29.227 16.477 39.773c10.547 10.551 24.855 16.477 39.773 16.477s29.227-5.9258 39.773-16.477c10.551-10.547 16.477-24.855 16.477-39.773zm-75 0c0-4.9727 1.9766-9.7422 5.4922-13.258 3.5156-3.5156 8.2852-5.4922 13.258-5.4922s9.7422 1.9766 13.258 5.4922c3.5156 3.5156 5.4922 8.2852 5.4922 13.258s-1.9766 9.7422-5.4922 13.258c-3.5156 3.5156-8.2852 5.4922-13.258 5.4922s-9.7422-1.9766-13.258-5.4922c-3.5156-3.5156-5.4922-8.2852-5.4922-13.258z\"\/>\n    <path d=\"m993.75 168.75c0-14.918-5.9258-29.227-16.477-39.773-10.547-10.551-24.855-16.477-39.773-16.477s-29.227 5.9258-39.773 16.477c-10.551 10.547-16.477 24.855-16.477 39.773s5.9258 29.227 16.477 39.773c10.547 10.551 24.855 16.477 39.773 16.477s29.227-5.9258 39.773-16.477c10.551-10.547 16.477-24.855 16.477-39.773zm-75 0c0-4.9727 1.9766-9.7422 5.4922-13.258 3.5156-3.5156 8.2852-5.4922 13.258-5.4922s9.7422 1.9766 13.258 5.4922c3.5156 3.5156 5.4922 8.2852 5.4922 13.258s-1.9766 9.7422-5.4922 13.258c-3.5156 3.5156-8.2852 5.4922-13.258 5.4922s-9.7422-1.9766-13.258-5.4922c-3.5156-3.5156-5.4922-8.2852-5.4922-13.258z\"\/>\n    <path d=\"m600 656.25c0-14.918-5.9258-29.227-16.477-39.773-10.547-10.551-24.855-16.477-39.773-16.477s-29.227 5.9258-39.773 16.477c-10.551 10.547-16.477 24.855-16.477 39.773s5.9258 29.227 16.477 39.773c10.547 10.551 24.855 16.477 39.773 16.477s29.227-5.9258 39.773-16.477c10.551-10.547 16.477-24.855 16.477-39.773zm-75 0c0-4.9727 1.9766-9.7422 5.4922-13.258 3.5156-3.5156 8.2852-5.4922 13.258-5.4922s9.7422 1.9766 13.258 5.4922c3.5156 3.5156 5.4922 8.2852 5.4922 13.258s-1.9766 9.7422-5.4922 13.258c-3.5156 3.5156-8.2852 5.4922-13.258 5.4922s-9.7422-1.9766-13.258-5.4922c-3.5156-3.5156-5.4922-8.2852-5.4922-13.258z\"\/>\n    <path d=\"m1024.9 279.75c23.625-35.438 43.875-75.938 43.875-111-0.074219-40.91-19.223-79.441-51.777-104.21-32.559-24.77-74.801-32.945-114.25-22.105-39.445 10.84-71.582 39.449-86.91 77.379-87.758-38.113-184.05-52.289-279.07-41.094-95.02 11.199-185.38 47.375-261.87 104.84-25.27-22.703-58.367-34.707-92.316-33.48-33.949 1.2266-66.098 15.59-89.66 40.062-23.562 24.469-36.703 57.133-36.648 91.105 0 36.75 22.125 79.312 47.25 115.69-52.836 118.05-61.867 251.07-25.477 375.19 36.395 124.11 115.83 231.19 224.05 302.02 108.22 70.832 238.14 100.77 366.45 84.453 128.3-16.316 246.59-77.828 333.63-173.49 87.047-95.668 137.14-219.22 141.31-348.49 4.1641-129.27-37.875-255.79-118.58-356.86zm-87.375-204.75c24.863 0 48.711 9.8789 66.293 27.457 17.578 17.582 27.457 41.43 27.457 66.293 0 48.188-59.062 122.44-93.75 160.31-34.688-37.875-93.75-112.12-93.75-160.31 0-24.863 9.8789-48.711 27.457-66.293 17.582-17.578 41.43-27.457 66.293-27.457zm-843.75 206.25c0-33.492 17.867-64.441 46.875-81.191 29.008-16.746 64.742-16.746 93.75 0 29.008 16.75 46.875 47.699 46.875 81.191 0 48.188-59.062 122.44-93.75 160.31-34.688-37.875-93.75-112.12-93.75-160.31zm0 337.5c-0.17969-64.035 11.98-127.5 35.812-186.94 21.188 26.25 39.938 45.562 44.625 50.25 3.5547 3.4844 8.3359 5.4375 13.312 5.4375s9.7578-1.9531 13.312-5.4375c12-12.188 117.94-120.38 117.94-200.81-0.019531-24.383-6.8359-48.277-19.688-69 2.625-2.0625 5.4375-3.9375 8.25-6h60l45.188 45.188v59.625l-69.562 69.375c-3.4531 3.5742-5.4023 8.3398-5.4375 13.312v67.312l-63.938 63.938h-48.562c-4.9727 0-9.7422 1.9766-13.258 5.4922-3.5156 3.5156-5.4922 8.2852-5.4922 13.258v56.25c0.035156 4.9727 1.9844 9.7383 5.4375 13.312l88.312 88.125v40.875l-50.812 50.625c-3.4531 3.5742-5.4023 8.3398-5.4375 13.312v48.562l-56.625 56.438c-60.809-85.406-93.449-187.66-93.375-292.5zm506.25 431.25v75c-12.562 0-25.125-0.5625-37.5-1.5v-129.75c-0.035156-4.9727-1.9844-9.7383-5.4375-13.312l-32.062-31.875v-67.312c0-4.9727-1.9766-9.7422-5.4922-13.258-3.5156-3.5156-8.2852-5.4922-13.258-5.4922h-67.312l-26.438-26.438v-40.875l37.688-37.688c23.359 35.785 50.242 69.137 80.25 99.562 3.5547 3.4844 8.3359 5.4375 13.312 5.4375s9.7578-1.9531 13.312-5.4375c30.008-30.426 56.891-63.777 80.25-99.562l56.438 56.438v59.625l-32.062 31.875c-3.4531 3.5742-5.4023 8.3398-5.4375 13.312v67.312l-50.812 50.625c-3.4531 3.5742-5.4023 8.3398-5.4375 13.312zm50.812-557.06-32.062-31.875v-11.062h75v86.062l-26.438 26.438h-11.062v-56.25c-0.035156-4.9727-1.9844-9.7383-5.4375-13.312zm-13.312 163.31c0 48.188-59.062 122.44-93.75 160.31-34.688-37.875-93.75-112.12-93.75-160.31 0-33.492 17.867-64.441 46.875-81.191 29.008-16.746 64.742-16.746 93.75 0 29.008 16.75 46.875 47.699 46.875 81.191zm281.25 355.5c-80.098 65.168-178.27 104.18-281.25 111.75v-65.812l50.812-50.625c3.4531-3.5742 5.4023-8.3398 5.4375-13.312v-67.312l32.062-31.875c3.4531-3.5742 5.4023-8.3398 5.4375-13.312v-75c-0.035156-4.9727-1.9844-9.7383-5.4375-13.312l-69.375-69.375c11.047-20.805 17.387-43.785 18.562-67.312-0.011719-19.484-4.4336-38.719-12.938-56.25h12.938c4.9727-0.035156 9.7383-1.9844 13.312-5.4375l37.5-37.5c3.4531-3.5742 5.4023-8.3398 5.4375-13.312v-112.5c0-4.9727-1.9766-9.7422-5.4922-13.258-3.5156-3.5156-8.2852-5.4922-13.258-5.4922h-112.5c-4.9727 0-9.7422 1.9766-13.258 5.4922-3.5156 3.5156-5.4922 8.2852-5.4922 13.258v37.5c0.035156 4.9727 1.9844 9.7383 5.4375 13.312l32.062 31.875v34.688c-26.359-18.355-58.539-26.406-90.438-22.629s-61.305 19.121-82.648 43.129c-21.344 24.004-33.145 55.004-33.164 87.125 1.1758 23.527 7.5156 46.508 18.562 67.312l-50.625 50.625c-3.4531 3.5742-5.4023 8.3398-5.4375 13.312v56.25c0.035156 4.9727 1.9844 9.7383 5.4375 13.312l37.5 37.5c3.5742 3.4531 8.3398 5.4023 13.312 5.4375h56.25v56.25c0.035156 4.9727 1.9844 9.7383 5.4375 13.312l32.062 31.875v117.94c-123.26-18.543-235.35-81.898-314.81-177.94l65.625-65.625c3.4531-3.5742 5.4023-8.3398 5.4375-13.312v-48.562l50.812-50.625c3.4531-3.5742 5.4023-8.3398 5.4375-13.312v-56.25c-0.035156-4.9727-1.9844-9.7383-5.4375-13.312l-88.312-88.125v-29.812h37.5c4.9727-0.035156 9.7383-1.9844 13.312-5.4375l75-75c3.4531-3.5742 5.4023-8.3398 5.4375-13.312v-67.312l69.562-69.375c3.4531-3.5742 5.4023-8.3398 5.4375-13.312v-75c-0.035156-4.9727-1.9844-9.7383-5.4375-13.312l-56.25-56.25c-3.5742-3.4531-8.3398-5.4023-13.312-5.4375h-6.375c48.961-25.383 101.81-42.43 156.38-50.438v125.44c0.035156 4.9727 1.9844 9.7383 5.4375 13.312l75 75c3.5742 3.4531 8.3398 5.4023 13.312 5.4375h86.062l82.688 82.688v97.125l-32.062 31.875c-3.4531 3.5742-5.4023 8.3398-5.4375 13.312v75c0.035156 4.9727 1.9844 9.7383 5.4375 13.312l69.562 69.375v86.062c0.035156 4.9727 1.9844 9.7383 5.4375 13.312l88.312 88.125zm37.5-33.75v-78c-0.035156-4.9727-1.9844-9.7383-5.4375-13.312l-88.312-88.125v-86.062c-0.035156-4.9727-1.9844-9.7383-5.4375-13.312l-69.562-69.375v-59.625l32.062-31.875c3.4531-3.5742 5.4023-8.3398 5.4375-13.312v-112.5c-0.035156-4.9727-1.9844-9.7383-5.4375-13.312l-93.75-93.75c-3.5742-3.4531-8.3398-5.4023-13.312-5.4375h-86.062l-63.938-63.938v-122.06c12.375-0.9375 24.938-1.5 37.5-1.5 71.301-0.13281 141.81 14.953 206.81 44.25-0.375 3.9375-0.5625 7.875-0.5625 12 0 80.438 105.94 188.62 117.94 200.81 3.5547 3.4844 8.3359 5.4375 13.312 5.4375s9.7578-1.9531 13.312-5.4375c17.984-18.434 34.949-37.836 50.812-58.125 75.02 97.527 111.82 219.11 103.46 341.87-8.3555 122.76-61.285 238.23-148.83 324.7z\"\/><\/path><\/svg>                                Ticino e il resto della Svizzera, gli Stati Uniti, il Giappone, l&#8217;India e la Malesia.                            <\/div>\n                        <\/div>\n                    <\/div>\n                            <\/div>\n            <\/div>\n\n\n\n<div style=\"height:100px\" aria-hidden=\"true\" class=\"wp-block-spacer\"><\/div>\n\n\n    <div id=\"ta-block_97fac2919873b0c6537c207e809930a7\" class=\"taImage container mx-auto\">\n                    <img decoding=\"async\" src=\"data:image\/gif;base64,R0lGODlhAQABAAAAACH5BAEKAAEALAAAAAABAAEAAAICTAEAOw==\" alt=\"\" style=\"margin-right: auto; margin-left: 0;; width:300px; ;\" class=\"lazyload\" data-src=\"https:\/\/ticinoadventures.com\/wp-content\/uploads\/2018\/01\/ticino-adventures-wordmark-logo-blk.svg\">\n            <\/div>\n\n\n\n    <h3 class=\"container mx-auto\" style=\"text-align:left;\">Storia aziendale<\/h3>\n\n\n\n<div style=\"height:10px\" aria-hidden=\"true\" class=\"wp-block-spacer\"><\/div>\n\n\n\n    <div id=\"ta-block_dbde31f95b1b048d5999784c56117460\" class=\"taParagraph text-base container mx-auto\">\n        <p>Dal lontano 2000, quando tutto ebbe inizio&#8230;<\/p>\n    <\/div>\n\n\n\n    <div id=\"ta-block_e1a2fb8054f71484581ff3c27eb908d7\" class=\"taTimeline container mx-auto mb-16\">\n                    <div class=\"timeline\">\n                                    <div class=\"timeline-item\" data-date=\"\">\n                                                    <div class=\"text-lg font-semibold text-balance leading-6 -mt-0.5 mb-1\">\n                                Il futuro&#8230;                            <\/div>\n                                                                            <div class=\"\">\n                                Ci auguriamo di continuare a proporre attivit\u00e0 nuove e stimolanti per aiutare i nostri avventurosi esploratori a scoprire il meglio del Ticino!                            <\/div>\n                                            <\/div>\n                                    <div class=\"timeline-item\" data-date=\"2017\">\n                                                    <div class=\"text-lg font-semibold text-balance leading-6 -mt-0.5 mb-1\">\n                                Rinnova il marchio in Ticino Adventures                            <\/div>\n                                                                            <div class=\"\">\n                                L&#8217;azienda si \u00e8 trasformata in un&#8217;impresa pi\u00f9 grande, che offre molte attivit\u00e0 e avventure diverse nell&#8217;area del Ticino. Fabio e Zach decidono di ribattezzare SwissChallenge come Ticino Adventures per raggiungere e ispirare un pubblico pi\u00f9 ampio!                            <\/div>\n                                            <\/div>\n                                    <div class=\"timeline-item\" data-date=\"2013\">\n                                                    <div class=\"text-lg font-semibold text-balance leading-6 -mt-0.5 mb-1\">\n                                Nuovi proprietari                            <\/div>\n                                                                            <div class=\"\">\n                                Markus Lang vende l&#8217;azienda a Fabio Marinelli e Zachary Browning. I nuovi proprietari sono ansiosi di consolidare la reputazione di qualit\u00e0 che SwissChallenge si \u00e8 guadagnata.                            <\/div>\n                                            <\/div>\n                                    <div class=\"timeline-item\" data-date=\"2008\">\n                                                    <div class=\"text-lg font-semibold text-balance leading-6 -mt-0.5 mb-1\">\n                                Trasferirsi a Cresciano                            <\/div>\n                                                                            <div class=\"\">\n                                La base e il quartier generale vengono spostati a Cresciano, nella Riviera del Ticino. SwissChallenge diventa il principale organizzatore di canyoning e tour fluviali in Ticino.                            <\/div>\n                                            <\/div>\n                                    <div class=\"timeline-item\" data-date=\"2004\">\n                                                    <div class=\"text-lg font-semibold text-balance leading-6 -mt-0.5 mb-1\">\n                                la S blu                            <\/div>\n                                                                            <div class=\"\">\n                                L&#8217;azienda ottiene la certificazione Safety in Adventures &#8211; &#8220;la S blu&#8221;.                            <\/div>\n                                            <\/div>\n                                    <div class=\"timeline-item\" data-date=\"2003\">\n                                                    <div class=\"text-lg font-semibold text-balance leading-6 -mt-0.5 mb-1\">\n                                Seconda base                            <\/div>\n                                                                            <div class=\"\">\n                                SwissChallenge apre una seconda sede a Roveredo, nell&#8217;ex Centro Sportivo Vera.                            <\/div>\n                                            <\/div>\n                                    <div class=\"timeline-item\" data-date=\"2000\">\n                                                    <div class=\"text-lg font-semibold text-balance leading-6 -mt-0.5 mb-1\">\n                                Markus Lang fonda SwissChallenge GmbH                            <\/div>\n                                                                            <div class=\"\">\n                                &#8230; con l&#8217;obiettivo di rendere il canyoning e altre attivit\u00e0 all&#8217;aria aperta accessibili a un pubblico pi\u00f9 vasto.                            <\/div>\n                                            <\/div>\n                            <\/div>\n            <\/div>\n","protected":false},"excerpt":{"rendered":"<p>Ticino Adventures \u00e8 un servizio professionale di guide outdoor. Viviamo per l&#8217;avventura e amiamo condividere queste esperienze indimenticabili. Scopri tutto su di noi.<\/p>\n","protected":false},"author":1,"featured_media":1429,"parent":0,"menu_order":0,"comment_status":"closed","ping_status":"closed","template":"page-category-template.php","meta":{"_acf_changed":false,"footnotes":""},"class_list":["post-6775","page","type-page","status-publish","has-post-thumbnail","hentry"],"acf":[],"_links":{"self":[{"href":"https:\/\/ticinoadventures.com\/it\/wp-json\/wp\/v2\/pages\/6775","targetHints":{"allow":["GET"]}}],"collection":[{"href":"https:\/\/ticinoadventures.com\/it\/wp-json\/wp\/v2\/pages"}],"about":[{"href":"https:\/\/ticinoadventures.com\/it\/wp-json\/wp\/v2\/types\/page"}],"author":[{"embeddable":true,"href":"https:\/\/ticinoadventures.com\/it\/wp-json\/wp\/v2\/users\/1"}],"replies":[{"embeddable":true,"href":"https:\/\/ticinoadventures.com\/it\/wp-json\/wp\/v2\/comments?post=6775"}],"version-history":[{"count":0,"href":"https:\/\/ticinoadventures.com\/it\/wp-json\/wp\/v2\/pages\/6775\/revisions"}],"wp:featuredmedia":[{"embeddable":true,"href":"https:\/\/ticinoadventures.com\/it\/wp-json\/wp\/v2\/media\/1429"}],"wp:attachment":[{"href":"https:\/\/ticinoadventures.com\/it\/wp-json\/wp\/v2\/media?parent=6775"}],"curies":[{"name":"wp","href":"https:\/\/api.w.org\/{rel}","templated":true}]}}