{"id":8764,"date":"2017-05-09T12:03:38","date_gmt":"2017-05-09T10:03:38","guid":{"rendered":"http:\/\/ticino-adventures.local\/product\/canyoning-val-di-gei\/"},"modified":"2024-04-13T23:32:27","modified_gmt":"2024-04-13T21:32:27","slug":"canyoning-val-di-gei","status":"publish","type":"product","link":"https:\/\/ticinoadventures.com\/it\/prodotto\/canyoning-val-di-gei\/","title":{"rendered":"Canyoning &#8211; Val Di Gei"},"content":{"rendered":"<p>La Val di Gei \u00e8 il fratello maggiore della Val Grande. Sebbene sia direttamente adiacente, questo canyon ha generalmente una portata d&#8217;acqua maggiore, il che significa una stagione pi\u00f9 breve. Presenta le stesse fasce verticali di roccia bianca e nera della sorella, ma ha discese in corda doppia pi\u00f9 alte e difficili (massimo 45 m) e in generale \u00e8 pi\u00f9 impegnativo. L&#8217;avvicinamento dura circa 40 minuti, mentre il tempo effettivo nel canyon \u00e8 di circa 2-3 ore.<\/p>\n","protected":false},"excerpt":{"rendered":"<p>La Val di Gei \u00e8 il fratello maggiore della Val Grande. Sebbene sia direttamente adiacente, questo canyon ha generalmente una portata d&#8217;acqua maggiore, il che significa una stagione pi\u00f9 breve. Presenta le stesse fasce verticali di roccia bianca e nera della sorella, ma ha discese in corda doppia pi\u00f9 alte e difficili (massimo 45 m)<a href=\"https:\/\/ticinoadventures.com\/it\/prodotto\/canyoning-val-di-gei\/\">Leggi tutto <span class=\"sr-only\">&#8220;Canyoning &#8211; Val Di Gei&#8221;<\/span><\/a><\/p>\n","protected":false},"featured_media":2186,"template":"","meta":{"_acf_changed":false},"product_brand":[],"product_cat":[274,120],"product_tag":[],"class_list":{"0":"post-8764","1":"product","2":"type-product","3":"status-publish","4":"has-post-thumbnail","6":"product_cat-attivita","7":"product_cat-canyoning-it","9":"first","10":"instock","11":"virtual","12":"sold-individually","13":"purchasable","14":"product-type-booking"},"booking_location":"","booking_location_type":"","booking_duration":270,"booking_duration_unit":"minute","booking_buffer":0,"booking_cost":0,"booking_resources":[],"acf":[],"_links":{"self":[{"href":"https:\/\/ticinoadventures.com\/it\/wp-json\/wp\/v2\/product\/8764","targetHints":{"allow":["GET"]}}],"collection":[{"href":"https:\/\/ticinoadventures.com\/it\/wp-json\/wp\/v2\/product"}],"about":[{"href":"https:\/\/ticinoadventures.com\/it\/wp-json\/wp\/v2\/types\/product"}],"wp:featuredmedia":[{"embeddable":true,"href":"https:\/\/ticinoadventures.com\/it\/wp-json\/wp\/v2\/media\/2186"}],"wp:attachment":[{"href":"https:\/\/ticinoadventures.com\/it\/wp-json\/wp\/v2\/media?parent=8764"}],"wp:term":[{"taxonomy":"product_brand","embeddable":true,"href":"https:\/\/ticinoadventures.com\/it\/wp-json\/wp\/v2\/product_brand?post=8764"},{"taxonomy":"product_cat","embeddable":true,"href":"https:\/\/ticinoadventures.com\/it\/wp-json\/wp\/v2\/product_cat?post=8764"},{"taxonomy":"product_tag","embeddable":true,"href":"https:\/\/ticinoadventures.com\/it\/wp-json\/wp\/v2\/product_tag?post=8764"}],"curies":[{"name":"wp","href":"https:\/\/api.w.org\/{rel}","templated":true}]}}