{"id":8885,"date":"2017-04-15T13:30:59","date_gmt":"2017-04-15T11:30:59","guid":{"rendered":"http:\/\/ticino-adventures.local\/product\/canyoning-boggera-challenge\/"},"modified":"2024-04-14T01:08:00","modified_gmt":"2024-04-13T23:08:00","slug":"canyoning-boggera-challenge","status":"publish","type":"product","link":"https:\/\/ticinoadventures.com\/it\/prodotto\/canyoning-boggera-challenge\/","title":{"rendered":"Canyoning Boggera Integrale"},"content":{"rendered":"<p>Il Boggera Integrale \u00e8 un viaggio fantastico per mettere alla prova la tua forma fisica. \u00c8 uguale al nostro tour di Heli-Canyoning, ma senza il viaggio in elicottero; ci\u00f2 significa che potrai salire a piedi invece che in aereo (750 metri di dislivello). Una volta iniziata la discesa, troverai una grande variet\u00e0 di calate (massimo 45 m), scivoli attraverso scivoli naturali e salti (massimo 16 m) in strette fessure con piscine cristalline. Si tratta di un canyon lungo e vario, uno dei migliori di una regione conosciuta in tutto il mondo per il canyoning. Il tempo di avvicinamento \u00e8 di circa 90 minuti, mentre il tempo effettivo nel canyon \u00e8 di circa 6-7 ore.<\/p>\n","protected":false},"excerpt":{"rendered":"<p>Il Boggera Integrale \u00e8 un viaggio fantastico per mettere alla prova la tua forma fisica. \u00c8 uguale al nostro tour di Heli-Canyoning, ma senza il viaggio in elicottero; ci\u00f2 significa che potrai salire a piedi invece che in aereo (750 metri di dislivello). Una volta iniziata la discesa, troverai una grande variet\u00e0 di calate (massimo<a href=\"https:\/\/ticinoadventures.com\/it\/prodotto\/canyoning-boggera-challenge\/\">Leggi tutto <span class=\"sr-only\">&#8220;Canyoning Boggera Integrale&#8221;<\/span><\/a><\/p>\n","protected":false},"featured_media":1583,"template":"","meta":{"_acf_changed":false},"product_brand":[],"product_cat":[271,25],"product_tag":[],"class_list":{"0":"post-8885","1":"product","2":"type-product","3":"status-publish","4":"has-post-thumbnail","6":"product_cat-activity","7":"product_cat-canyoning","9":"first","10":"instock","11":"virtual","12":"sold-individually","13":"purchasable","14":"product-type-booking"},"booking_location":"","booking_location_type":"","booking_duration":8,"booking_duration_unit":"hour","booking_buffer":0,"booking_cost":0,"booking_resources":[],"acf":[],"_links":{"self":[{"href":"https:\/\/ticinoadventures.com\/it\/wp-json\/wp\/v2\/product\/8885","targetHints":{"allow":["GET"]}}],"collection":[{"href":"https:\/\/ticinoadventures.com\/it\/wp-json\/wp\/v2\/product"}],"about":[{"href":"https:\/\/ticinoadventures.com\/it\/wp-json\/wp\/v2\/types\/product"}],"wp:featuredmedia":[{"embeddable":true,"href":"https:\/\/ticinoadventures.com\/it\/wp-json\/wp\/v2\/media\/1583"}],"wp:attachment":[{"href":"https:\/\/ticinoadventures.com\/it\/wp-json\/wp\/v2\/media?parent=8885"}],"wp:term":[{"taxonomy":"product_brand","embeddable":true,"href":"https:\/\/ticinoadventures.com\/it\/wp-json\/wp\/v2\/product_brand?post=8885"},{"taxonomy":"product_cat","embeddable":true,"href":"https:\/\/ticinoadventures.com\/it\/wp-json\/wp\/v2\/product_cat?post=8885"},{"taxonomy":"product_tag","embeddable":true,"href":"https:\/\/ticinoadventures.com\/it\/wp-json\/wp\/v2\/product_tag?post=8885"}],"curies":[{"name":"wp","href":"https:\/\/api.w.org\/{rel}","templated":true}]}}