{"id":8888,"date":"2017-04-15T13:25:00","date_gmt":"2017-04-15T11:25:00","guid":{"rendered":"http:\/\/ticino-adventures.local\/product\/canyoning-lodrino\/"},"modified":"2024-04-14T01:14:17","modified_gmt":"2024-04-13T23:14:17","slug":"canyoning-lodrino","status":"publish","type":"product","link":"https:\/\/ticinoadventures.com\/it\/prodotto\/canyoning-lodrino\/","title":{"rendered":"Canyoning Lodrino"},"content":{"rendered":"<p>Lodrino \u00e8 una delle gite pi\u00f9 belle del Ticino. Si tratta di un canyon di straordinaria bellezza, che presenta anche un mix perfetto di salti (max. 12 m) e scivoli, con un paio di grandi calate (max. 50 m) per mantenere le cose interessanti. A causa del flusso d&#8217;acqua naturale proveniente da un&#8217;ampia area di drenaggio, Lodrino ha una stagione breve. Se hai le capacit\u00e0 e riesci ad arrivare al momento giusto, ti garantiamo che Lodrino non ti deluder\u00e0. L&#8217;avvicinamento dura circa 10 minuti, il tempo effettivo nel canyon \u00e8 di circa 2-3 ore. Questa escursione copre la met\u00e0 inferiore del canyon di Lodrino. Se sei alla ricerca di una sfida ancora pi\u00f9 grande, dai un&#8217;occhiata alla nostra escursione Lodrino Integrale.<\/p>\n","protected":false},"excerpt":{"rendered":"<p>Lodrino \u00e8 una delle gite pi\u00f9 belle del Ticino. Si tratta di un canyon di straordinaria bellezza, che presenta anche un mix perfetto di salti (max. 12 m) e scivoli, con un paio di grandi calate (max. 50 m) per mantenere le cose interessanti. A causa del flusso d&#8217;acqua naturale proveniente da un&#8217;ampia area di<a href=\"https:\/\/ticinoadventures.com\/it\/prodotto\/canyoning-lodrino\/\">Leggi tutto <span class=\"sr-only\">&#8220;Canyoning Lodrino&#8221;<\/span><\/a><\/p>\n","protected":false},"featured_media":1565,"template":"","meta":{"_acf_changed":false},"product_brand":[],"product_cat":[274,120],"product_tag":[],"class_list":{"0":"post-8888","1":"product","2":"type-product","3":"status-publish","4":"has-post-thumbnail","6":"product_cat-attivita","7":"product_cat-canyoning-it","9":"first","10":"instock","11":"virtual","12":"sold-individually","13":"purchasable","14":"product-type-booking"},"booking_location":"","booking_location_type":"","booking_duration":6,"booking_duration_unit":"hour","booking_buffer":0,"booking_cost":0,"booking_resources":[],"acf":[],"_links":{"self":[{"href":"https:\/\/ticinoadventures.com\/it\/wp-json\/wp\/v2\/product\/8888","targetHints":{"allow":["GET"]}}],"collection":[{"href":"https:\/\/ticinoadventures.com\/it\/wp-json\/wp\/v2\/product"}],"about":[{"href":"https:\/\/ticinoadventures.com\/it\/wp-json\/wp\/v2\/types\/product"}],"wp:featuredmedia":[{"embeddable":true,"href":"https:\/\/ticinoadventures.com\/it\/wp-json\/wp\/v2\/media\/1565"}],"wp:attachment":[{"href":"https:\/\/ticinoadventures.com\/it\/wp-json\/wp\/v2\/media?parent=8888"}],"wp:term":[{"taxonomy":"product_brand","embeddable":true,"href":"https:\/\/ticinoadventures.com\/it\/wp-json\/wp\/v2\/product_brand?post=8888"},{"taxonomy":"product_cat","embeddable":true,"href":"https:\/\/ticinoadventures.com\/it\/wp-json\/wp\/v2\/product_cat?post=8888"},{"taxonomy":"product_tag","embeddable":true,"href":"https:\/\/ticinoadventures.com\/it\/wp-json\/wp\/v2\/product_tag?post=8888"}],"curies":[{"name":"wp","href":"https:\/\/api.w.org\/{rel}","templated":true}]}}