{"id":9006,"date":"2017-04-15T13:51:22","date_gmt":"2017-04-15T11:51:22","guid":{"rendered":"http:\/\/ticino-adventures.local\/product\/canyoning-lodrino-ultimate\/"},"modified":"2024-04-14T00:53:28","modified_gmt":"2024-04-13T22:53:28","slug":"canyoning-lodrino-integrale","status":"publish","type":"product","link":"https:\/\/ticinoadventures.com\/it\/prodotto\/canyoning-lodrino-integrale\/","title":{"rendered":"Canyoning Lodrino Integrale"},"content":{"rendered":"<p>Per i torrentisti pi\u00f9 allenati ed esperti, Lodrino Integrale offre una sfida fantastica. Tanto divertimento e azione in un canyon assolutamente grandioso, la cui bellezza \u00e8 difficile da superare: questo \u00e8 il canyoning ticinese al suo meglio! Numerosi salti in tutte le varianti (max. 12 m), scivoli impressionanti e diverse grandi calate esposte (max. 50 m) manterranno alto il livello di brivido. Tra un salto e l&#8217;altro ci sono anche momenti pi\u00f9 tranquilli, che ti permetteranno di goderti l&#8217;incredibile bellezza di questo straordinario canyon. A causa del flusso d&#8217;acqua naturale proveniente da un&#8217;ampia area di drenaggio, Lodrino ha una stagione breve. Se hai le capacit\u00e0 e riesci ad arrivare al momento giusto, ti garantiamo che Lodrino non ti deluder\u00e0. Il tempo di avvicinamento \u00e8 di circa 40 minuti, mentre il tempo di permanenza nel canyon \u00e8 di circa 4-5 ore. L&#8217;avvicinamento \u00e8 piuttosto esposto in alcuni passaggi.<\/p>\n","protected":false},"excerpt":{"rendered":"<p>Per i torrentisti pi\u00f9 allenati ed esperti, Lodrino Integrale offre una sfida fantastica. Tanto divertimento e azione in un canyon assolutamente grandioso, la cui bellezza \u00e8 difficile da superare: questo \u00e8 il canyoning ticinese al suo meglio! Numerosi salti in tutte le varianti (max. 12 m), scivoli impressionanti e diverse grandi calate esposte (max. 50<a href=\"https:\/\/ticinoadventures.com\/it\/prodotto\/canyoning-lodrino-integrale\/\">Leggi tutto <span class=\"sr-only\">&#8220;Canyoning Lodrino Integrale&#8221;<\/span><\/a><\/p>\n","protected":false},"featured_media":1617,"template":"","meta":{"_acf_changed":false},"product_brand":[],"product_cat":[274,120],"product_tag":[],"class_list":{"0":"post-9006","1":"product","2":"type-product","3":"status-publish","4":"has-post-thumbnail","6":"product_cat-attivita","7":"product_cat-canyoning-it","9":"first","10":"instock","11":"virtual","12":"sold-individually","13":"purchasable","14":"product-type-booking"},"booking_location":"","booking_location_type":"","booking_duration":7,"booking_duration_unit":"hour","booking_buffer":0,"booking_cost":0,"booking_resources":[],"acf":[],"_links":{"self":[{"href":"https:\/\/ticinoadventures.com\/it\/wp-json\/wp\/v2\/product\/9006","targetHints":{"allow":["GET"]}}],"collection":[{"href":"https:\/\/ticinoadventures.com\/it\/wp-json\/wp\/v2\/product"}],"about":[{"href":"https:\/\/ticinoadventures.com\/it\/wp-json\/wp\/v2\/types\/product"}],"wp:featuredmedia":[{"embeddable":true,"href":"https:\/\/ticinoadventures.com\/it\/wp-json\/wp\/v2\/media\/1617"}],"wp:attachment":[{"href":"https:\/\/ticinoadventures.com\/it\/wp-json\/wp\/v2\/media?parent=9006"}],"wp:term":[{"taxonomy":"product_brand","embeddable":true,"href":"https:\/\/ticinoadventures.com\/it\/wp-json\/wp\/v2\/product_brand?post=9006"},{"taxonomy":"product_cat","embeddable":true,"href":"https:\/\/ticinoadventures.com\/it\/wp-json\/wp\/v2\/product_cat?post=9006"},{"taxonomy":"product_tag","embeddable":true,"href":"https:\/\/ticinoadventures.com\/it\/wp-json\/wp\/v2\/product_tag?post=9006"}],"curies":[{"name":"wp","href":"https:\/\/api.w.org\/{rel}","templated":true}]}}