{"id":9009,"date":"2017-04-15T13:17:26","date_gmt":"2017-04-15T11:17:26","guid":{"rendered":"http:\/\/ticino-adventures.local\/product\/canyoning-pontirone\/"},"modified":"2024-04-14T01:18:53","modified_gmt":"2024-04-13T23:18:53","slug":"canyoning-pontirone","status":"publish","type":"product","link":"https:\/\/ticinoadventures.com\/it\/prodotto\/canyoning-pontirone\/","title":{"rendered":"Canyoning Pontirone"},"content":{"rendered":"<p>Questo breve tour ti lascer\u00e0 a bocca aperta. Un&#8217;aerea discesa in corda doppia di 42 metri ci porta in profondit\u00e0 nelle caverne del Pontirone, probabilmente il tratto di canyon pi\u00f9 spettacolare di tutto il Ticino. Troverai diversi salti interessanti e tecnici, ma potresti essere troppo impegnato a guardare il paesaggio per renderti conto di quanto ti stai divertendo. L&#8217;avvicinamento dura circa 30 minuti, il tempo effettivo nel canyon \u00e8 di circa 1-2 ore.<\/p>\n","protected":false},"excerpt":{"rendered":"<p>Questo breve tour ti lascer\u00e0 a bocca aperta. Un&#8217;aerea discesa in corda doppia di 42 metri ci porta in profondit\u00e0 nelle caverne del Pontirone, probabilmente il tratto di canyon pi\u00f9 spettacolare di tutto il Ticino. Troverai diversi salti interessanti e tecnici, ma potresti essere troppo impegnato a guardare il paesaggio per renderti conto di quanto<a href=\"https:\/\/ticinoadventures.com\/it\/prodotto\/canyoning-pontirone\/\">Leggi tutto <span class=\"sr-only\">&#8220;Canyoning Pontirone&#8221;<\/span><\/a><\/p>\n","protected":false},"featured_media":98452,"template":"","meta":{"_acf_changed":false},"product_brand":[],"product_cat":[274,120],"product_tag":[],"class_list":{"0":"post-9009","1":"product","2":"type-product","3":"status-publish","4":"has-post-thumbnail","6":"product_cat-attivita","7":"product_cat-canyoning-it","9":"first","10":"instock","11":"virtual","12":"sold-individually","13":"purchasable","14":"product-type-booking"},"booking_location":"","booking_location_type":"","booking_duration":270,"booking_duration_unit":"minute","booking_buffer":60,"booking_cost":0,"booking_resources":[],"acf":[],"_links":{"self":[{"href":"https:\/\/ticinoadventures.com\/it\/wp-json\/wp\/v2\/product\/9009","targetHints":{"allow":["GET"]}}],"collection":[{"href":"https:\/\/ticinoadventures.com\/it\/wp-json\/wp\/v2\/product"}],"about":[{"href":"https:\/\/ticinoadventures.com\/it\/wp-json\/wp\/v2\/types\/product"}],"wp:featuredmedia":[{"embeddable":true,"href":"https:\/\/ticinoadventures.com\/it\/wp-json\/wp\/v2\/media\/98452"}],"wp:attachment":[{"href":"https:\/\/ticinoadventures.com\/it\/wp-json\/wp\/v2\/media?parent=9009"}],"wp:term":[{"taxonomy":"product_brand","embeddable":true,"href":"https:\/\/ticinoadventures.com\/it\/wp-json\/wp\/v2\/product_brand?post=9009"},{"taxonomy":"product_cat","embeddable":true,"href":"https:\/\/ticinoadventures.com\/it\/wp-json\/wp\/v2\/product_cat?post=9009"},{"taxonomy":"product_tag","embeddable":true,"href":"https:\/\/ticinoadventures.com\/it\/wp-json\/wp\/v2\/product_tag?post=9009"}],"curies":[{"name":"wp","href":"https:\/\/api.w.org\/{rel}","templated":true}]}}