{"id":9012,"date":"2017-04-15T13:02:29","date_gmt":"2017-04-15T11:02:29","guid":{"rendered":"http:\/\/ticino-adventures.local\/product\/canyoning-malvaglia\/"},"modified":"2024-04-14T01:22:32","modified_gmt":"2024-04-13T23:22:32","slug":"canyoning-malvaglia","status":"publish","type":"product","link":"https:\/\/ticinoadventures.com\/it\/prodotto\/canyoning-malvaglia\/","title":{"rendered":"Canyoning Malvaglia"},"content":{"rendered":"<p>Malvaglia offre un ottimo mix di salti (max. 10 m), scivoli e calate (max. 80 m) che metteranno alla prova anche i canyoner pi\u00f9 esperti. La sequenza finale di discesa in corda doppia impressioner\u00e0 sicuramente anche chi non ha paura dell&#8217;altezza. Offre una sfida unica ed \u00e8 una scommessa sicura per l&#8217;inizio della stagione, quando gli altri canyon hanno troppa acqua. L&#8217;avvicinamento dura circa 10 minuti, mentre il tempo effettivo di permanenza nel canyon \u00e8 di circa 3-4 ore.<\/p>\n","protected":false},"excerpt":{"rendered":"<p>Malvaglia offre un ottimo mix di salti (max. 10 m), scivoli e calate (max. 80 m) che metteranno alla prova anche i canyoner pi\u00f9 esperti. La sequenza finale di discesa in corda doppia impressioner\u00e0 sicuramente anche chi non ha paura dell&#8217;altezza. Offre una sfida unica ed \u00e8 una scommessa sicura per l&#8217;inizio della stagione, quando<a href=\"https:\/\/ticinoadventures.com\/it\/prodotto\/canyoning-malvaglia\/\">Leggi tutto <span class=\"sr-only\">&#8220;Canyoning Malvaglia&#8221;<\/span><\/a><\/p>\n","protected":false},"featured_media":1529,"template":"","meta":{"_acf_changed":false},"product_brand":[],"product_cat":[274,120],"product_tag":[],"class_list":{"0":"post-9012","1":"product","2":"type-product","3":"status-publish","4":"has-post-thumbnail","6":"product_cat-attivita","7":"product_cat-canyoning-it","9":"first","10":"instock","11":"virtual","12":"sold-individually","13":"purchasable","14":"product-type-booking"},"booking_location":"","booking_location_type":"","booking_duration":6,"booking_duration_unit":"hour","booking_buffer":0,"booking_cost":0,"booking_resources":[],"acf":[],"_links":{"self":[{"href":"https:\/\/ticinoadventures.com\/it\/wp-json\/wp\/v2\/product\/9012","targetHints":{"allow":["GET"]}}],"collection":[{"href":"https:\/\/ticinoadventures.com\/it\/wp-json\/wp\/v2\/product"}],"about":[{"href":"https:\/\/ticinoadventures.com\/it\/wp-json\/wp\/v2\/types\/product"}],"wp:featuredmedia":[{"embeddable":true,"href":"https:\/\/ticinoadventures.com\/it\/wp-json\/wp\/v2\/media\/1529"}],"wp:attachment":[{"href":"https:\/\/ticinoadventures.com\/it\/wp-json\/wp\/v2\/media?parent=9012"}],"wp:term":[{"taxonomy":"product_brand","embeddable":true,"href":"https:\/\/ticinoadventures.com\/it\/wp-json\/wp\/v2\/product_brand?post=9012"},{"taxonomy":"product_cat","embeddable":true,"href":"https:\/\/ticinoadventures.com\/it\/wp-json\/wp\/v2\/product_cat?post=9012"},{"taxonomy":"product_tag","embeddable":true,"href":"https:\/\/ticinoadventures.com\/it\/wp-json\/wp\/v2\/product_tag?post=9012"}],"curies":[{"name":"wp","href":"https:\/\/api.w.org\/{rel}","templated":true}]}}