{"id":9020,"date":"2017-04-15T12:47:01","date_gmt":"2017-04-15T10:47:01","guid":{"rendered":"http:\/\/ticino-adventures.local\/product\/val-grande\/"},"modified":"2024-04-14T01:43:04","modified_gmt":"2024-04-13T23:43:04","slug":"val-grande","status":"publish","type":"product","link":"https:\/\/ticinoadventures.com\/it\/prodotto\/val-grande\/","title":{"rendered":"Canyoning Val Grande"},"content":{"rendered":"<p>La Val Grande, situata in Val Maggia, \u00e8 un canyon emozionante che presenta alcuni degli scivoli pi\u00f9 belli del Ticino. Diversi salti (max. 10 m) e interessanti discese in corda doppia (max. 25 m) offrono una certa variet\u00e0. La Val Grande \u00e8 speciale anche perch\u00e9 la roccia \u00e8 davvero unica. Le bande verticali bianche e nere le conferiscono un aspetto molto diverso dagli altri canyon del Ticino. L&#8217;avvicinamento dura circa 30 minuti, mentre il tempo effettivo nel canyon \u00e8 di circa 2-3 ore.<\/p>\n","protected":false},"excerpt":{"rendered":"<p>La Val Grande, situata in Val Maggia, \u00e8 un canyon emozionante che presenta alcuni degli scivoli pi\u00f9 belli del Ticino. Diversi salti (max. 10 m) e interessanti discese in corda doppia (max. 25 m) offrono una certa variet\u00e0. La Val Grande \u00e8 speciale anche perch\u00e9 la roccia \u00e8 davvero unica. Le bande verticali bianche e<a href=\"https:\/\/ticinoadventures.com\/it\/prodotto\/val-grande\/\">Leggi tutto <span class=\"sr-only\">&#8220;Canyoning Val Grande&#8221;<\/span><\/a><\/p>\n","protected":false},"featured_media":2186,"template":"","meta":{"_acf_changed":false},"product_brand":[],"product_cat":[274,120],"product_tag":[],"class_list":{"0":"post-9020","1":"product","2":"type-product","3":"status-publish","4":"has-post-thumbnail","6":"product_cat-attivita","7":"product_cat-canyoning-it","9":"first","10":"instock","11":"virtual","12":"sold-individually","13":"purchasable","14":"product-type-booking"},"booking_location":"","booking_location_type":"","booking_duration":270,"booking_duration_unit":"minute","booking_buffer":60,"booking_cost":0,"booking_resources":[],"acf":[],"_links":{"self":[{"href":"https:\/\/ticinoadventures.com\/it\/wp-json\/wp\/v2\/product\/9020","targetHints":{"allow":["GET"]}}],"collection":[{"href":"https:\/\/ticinoadventures.com\/it\/wp-json\/wp\/v2\/product"}],"about":[{"href":"https:\/\/ticinoadventures.com\/it\/wp-json\/wp\/v2\/types\/product"}],"wp:featuredmedia":[{"embeddable":true,"href":"https:\/\/ticinoadventures.com\/it\/wp-json\/wp\/v2\/media\/2186"}],"wp:attachment":[{"href":"https:\/\/ticinoadventures.com\/it\/wp-json\/wp\/v2\/media?parent=9020"}],"wp:term":[{"taxonomy":"product_brand","embeddable":true,"href":"https:\/\/ticinoadventures.com\/it\/wp-json\/wp\/v2\/product_brand?post=9020"},{"taxonomy":"product_cat","embeddable":true,"href":"https:\/\/ticinoadventures.com\/it\/wp-json\/wp\/v2\/product_cat?post=9020"},{"taxonomy":"product_tag","embeddable":true,"href":"https:\/\/ticinoadventures.com\/it\/wp-json\/wp\/v2\/product_tag?post=9020"}],"curies":[{"name":"wp","href":"https:\/\/api.w.org\/{rel}","templated":true}]}}