{"id":9388,"date":"2017-04-15T12:21:58","date_gmt":"2017-04-15T10:21:58","guid":{"rendered":"http:\/\/ticino-adventures.local\/product\/canyoning-corippo\/"},"modified":"2024-05-13T18:34:03","modified_gmt":"2024-05-13T16:34:03","slug":"canyoning-corippo","status":"publish","type":"product","link":"https:\/\/ticinoadventures.com\/it\/prodotto\/canyoning-corippo\/","title":{"rendered":"Canyoning Corippo"},"content":{"rendered":"<p>Corippo, situato nella pittoresca Valle Verzasca, \u00e8 una scelta ideale per i principianti che cercano un&#8217;esperienza di canyoning indimenticabile. Questo affascinante canyon \u00e8 convenientemente situato a pochi minuti di auto dai numerosi hotel e campeggi della zona di Locarno, rendendolo facilmente accessibile per gli avventurieri di tutte le et\u00e0.<\/p>\n<p>La nostra escursione di canyoning a Corippo \u00e8 progettata per essere sia emozionante che accessibile, con una variet\u00e0 di attivit\u00e0 eccitanti adatte ai principianti. Avrai l&#8217;opportunit\u00e0 di navigare attraverso diverse emozionanti scivolate, metterti alla prova con salti opzionali e provare l&#8217;adrenalina della discesa in corda su scogliere rocciose.<\/p>\n<p>Esplorando il canyon, avrai anche la possibilit\u00e0 di immergerti nella splendida bellezza naturale della Valle Verzasca, con le sue acque cristalline e i suoi lussureggianti paesaggi verdi. E cosa c&#8217;\u00e8 di meglio per concludere l&#8217;avventura di un rinfrescante bagno nel tranquillo lago?<\/p>\n<p>L&#8217;approccio al canyon di Corippo richiede circa 15 minuti, consentendoti di passare rapidamente dal tuo alloggio al cuore dell&#8217;azione. Una volta dentro il canyon, puoi aspettarti di trascorrere circa 2-3 ore esplorando i suoi tesori nascosti e godendoti l&#8217;emozione del canyoning in questo scenario mozzafiato.<\/p>\n<p>Unisciti a noi per un viaggio indimenticabile nel cuore del canyon di Corippo, dove ti attendono avventure piene di divertimento e meraviglie naturali. Prenota la tua esperienza di canyoning oggi stesso e immergiti in un&#8217;avventura emozionante nella magnifica Valle Verzasca.<\/p>\n","protected":false},"excerpt":{"rendered":"<p>Corippo, situato nella pittoresca Valle Verzasca, \u00e8 una scelta ideale per i principianti che cercano un&#8217;esperienza di canyoning indimenticabile. Questo affascinante canyon \u00e8 convenientemente situato a pochi minuti di auto dai numerosi hotel e campeggi della zona di Locarno, rendendolo facilmente accessibile per gli avventurieri di tutte le et\u00e0. La nostra escursione di canyoning a<a href=\"https:\/\/ticinoadventures.com\/it\/prodotto\/canyoning-corippo\/\">Leggi tutto <span class=\"sr-only\">&#8220;Canyoning Corippo&#8221;<\/span><\/a><\/p>\n","protected":false},"featured_media":2210,"template":"","meta":{"_acf_changed":false},"product_brand":[],"product_cat":[274,120],"product_tag":[],"class_list":{"0":"post-9388","1":"product","2":"type-product","3":"status-publish","4":"has-post-thumbnail","6":"product_cat-attivita","7":"product_cat-canyoning-it","9":"first","10":"instock","11":"virtual","12":"sold-individually","13":"purchasable","14":"product-type-booking"},"booking_location":"","booking_location_type":"","booking_duration":270,"booking_duration_unit":"minute","booking_buffer":60,"booking_cost":0,"booking_resources":[],"acf":[],"_links":{"self":[{"href":"https:\/\/ticinoadventures.com\/it\/wp-json\/wp\/v2\/product\/9388","targetHints":{"allow":["GET"]}}],"collection":[{"href":"https:\/\/ticinoadventures.com\/it\/wp-json\/wp\/v2\/product"}],"about":[{"href":"https:\/\/ticinoadventures.com\/it\/wp-json\/wp\/v2\/types\/product"}],"wp:featuredmedia":[{"embeddable":true,"href":"https:\/\/ticinoadventures.com\/it\/wp-json\/wp\/v2\/media\/2210"}],"wp:attachment":[{"href":"https:\/\/ticinoadventures.com\/it\/wp-json\/wp\/v2\/media?parent=9388"}],"wp:term":[{"taxonomy":"product_brand","embeddable":true,"href":"https:\/\/ticinoadventures.com\/it\/wp-json\/wp\/v2\/product_brand?post=9388"},{"taxonomy":"product_cat","embeddable":true,"href":"https:\/\/ticinoadventures.com\/it\/wp-json\/wp\/v2\/product_cat?post=9388"},{"taxonomy":"product_tag","embeddable":true,"href":"https:\/\/ticinoadventures.com\/it\/wp-json\/wp\/v2\/product_tag?post=9388"}],"curies":[{"name":"wp","href":"https:\/\/api.w.org\/{rel}","templated":true}]}}